{"id":5539,"date":"2021-05-05T10:17:56","date_gmt":"2021-05-05T10:17:56","guid":{"rendered":"http:\/\/80plus.es\/?post_type=product&#038;p=5539"},"modified":"2025-08-26T08:31:40","modified_gmt":"2025-08-26T08:31:40","slug":"espresso-pro","status":"publish","type":"product","link":"https:\/\/80plus.es\/es\/producto\/espresso-pro\/","title":{"rendered":"Espresso pro"},"content":{"rendered":"","protected":false},"excerpt":{"rendered":"<p>Curso de 4 horas<\/p>\n<p>&nbsp;<\/p>\n<p>Aprender\u00e1s<\/p>\n<ul>\n<li>Los puntos fundamentales de c\u00f3mo funcionan las maquinas espresso y molinillos de vario tipo<\/li>\n<li>Como elaborar la perfecta receta para tu caf\u00e9 &#8211; regular molinillo, ajustar dosis, temperatura del agua<\/li>\n<li>Como reconocer defectos de extracci\u00f3n y como corregirlos<\/li>\n<li>Como escoger el caf\u00e9 en base a origen y proceso para tus recetas<\/li>\n<li>Limpieza<\/li>\n<\/ul>\n<p>&nbsp;<\/p>\n<p>Todo el curso ser\u00e1 hecho para resolver todas las dudas personales de cada persona.<\/p>\n<p>Para m\u00e1s informaci\u00f3n escr\u00edbenos a info@80plus.es<\/p>\n<p>Producto vendido <strong>individualmente. <\/strong>Usar el cup\u00f3n <strong>FSFC<\/strong> para evitar cargos en gastos de env\u00edo.<\/p>\n","protected":false},"featured_media":5541,"template":"","meta":{"_acf_changed":false},"product_brand":[],"product_cat":[143],"product_tag":[],"country":[],"class_list":{"0":"post-5539","1":"product","2":"type-product","3":"status-publish","4":"has-post-thumbnail","6":"product_cat-formacion-es","7":"product_shipping_class-envio-gratis-para-cursos","9":"first","10":"outofstock","11":"virtual","12":"purchasable","13":"product-type-simple"},"acf":[],"yoast_head":"<!-- This site is optimized with the Yoast SEO plugin v27.4 - https:\/\/yoast.com\/product\/yoast-seo-wordpress\/ -->\n<title>Espresso pro - 80plus<\/title>\n<meta name=\"robots\" content=\"index, follow, max-snippet:-1, max-image-preview:large, max-video-preview:-1\" \/>\n<link rel=\"canonical\" href=\"https:\/\/80plus.es\/es\/producto\/espresso-pro\/\" \/>\n<meta property=\"og:locale\" content=\"es_ES\" \/>\n<meta property=\"og:type\" content=\"article\" \/>\n<meta property=\"og:title\" content=\"Espresso pro - 80plus\" \/>\n<meta property=\"og:description\" content=\"Curso de 4 horas  &nbsp;  Aprender\u00e1s   Los puntos fundamentales de c\u00f3mo funcionan las maquinas espresso y molinillos de vario tipo  Como elaborar la perfecta receta para tu caf\u00e9 - regular molinillo, ajustar dosis, temperatura del agua  Como reconocer defectos de extracci\u00f3n y como corregirlos  Como escoger el caf\u00e9 en base a origen y proceso para tus recetas  Limpieza  &nbsp;  Todo el curso ser\u00e1 hecho para resolver todas las dudas personales de cada persona.  Para m\u00e1s informaci\u00f3n escr\u00edbenos a info@80plus.es  Producto vendido individualmente. Usar el cup\u00f3n FSFC para evitar cargos en gastos de env\u00edo.\" \/>\n<meta property=\"og:url\" content=\"https:\/\/80plus.es\/es\/producto\/espresso-pro\/\" \/>\n<meta property=\"og:site_name\" content=\"80plus\" \/>\n<meta property=\"article:publisher\" content=\"https:\/\/www.facebook.com\/80plusspecialtycoffee\" \/>\n<meta property=\"article:modified_time\" content=\"2025-08-26T08:31:40+00:00\" \/>\n<meta property=\"og:image\" content=\"https:\/\/80plus.es\/wp-content\/uploads\/2021\/05\/FET_IMG_4803.jpg\" \/>\n\t<meta property=\"og:image:width\" content=\"1166\" \/>\n\t<meta property=\"og:image:height\" content=\"778\" \/>\n\t<meta property=\"og:image:type\" content=\"image\/jpeg\" \/>\n<meta name=\"twitter:card\" content=\"summary_large_image\" \/>\n<script type=\"application\/ld+json\" class=\"yoast-schema-graph\">{\"@context\":\"https:\\\/\\\/schema.org\",\"@graph\":[{\"@type\":\"WebPage\",\"@id\":\"https:\\\/\\\/80plus.es\\\/es\\\/producto\\\/espresso-pro\\\/\",\"url\":\"https:\\\/\\\/80plus.es\\\/es\\\/producto\\\/espresso-pro\\\/\",\"name\":\"Espresso pro - 80plus\",\"isPartOf\":{\"@id\":\"https:\\\/\\\/80plus.es\\\/#website\"},\"primaryImageOfPage\":{\"@id\":\"https:\\\/\\\/80plus.es\\\/es\\\/producto\\\/espresso-pro\\\/#primaryimage\"},\"image\":{\"@id\":\"https:\\\/\\\/80plus.es\\\/es\\\/producto\\\/espresso-pro\\\/#primaryimage\"},\"thumbnailUrl\":\"https:\\\/\\\/80plus.es\\\/wp-content\\\/uploads\\\/2021\\\/05\\\/FET_IMG_4803.jpg\",\"datePublished\":\"2021-05-05T10:17:56+00:00\",\"dateModified\":\"2025-08-26T08:31:40+00:00\",\"breadcrumb\":{\"@id\":\"https:\\\/\\\/80plus.es\\\/es\\\/producto\\\/espresso-pro\\\/#breadcrumb\"},\"inLanguage\":\"es\",\"potentialAction\":[{\"@type\":\"ReadAction\",\"target\":[\"https:\\\/\\\/80plus.es\\\/es\\\/producto\\\/espresso-pro\\\/\"]}]},{\"@type\":\"ImageObject\",\"inLanguage\":\"es\",\"@id\":\"https:\\\/\\\/80plus.es\\\/es\\\/producto\\\/espresso-pro\\\/#primaryimage\",\"url\":\"https:\\\/\\\/80plus.es\\\/wp-content\\\/uploads\\\/2021\\\/05\\\/FET_IMG_4803.jpg\",\"contentUrl\":\"https:\\\/\\\/80plus.es\\\/wp-content\\\/uploads\\\/2021\\\/05\\\/FET_IMG_4803.jpg\",\"width\":1166,\"height\":778},{\"@type\":\"BreadcrumbList\",\"@id\":\"https:\\\/\\\/80plus.es\\\/es\\\/producto\\\/espresso-pro\\\/#breadcrumb\",\"itemListElement\":[{\"@type\":\"ListItem\",\"position\":1,\"name\":\"Home\",\"item\":\"https:\\\/\\\/80plus.es\\\/es\\\/\"},{\"@type\":\"ListItem\",\"position\":2,\"name\":\"Shop\",\"item\":\"https:\\\/\\\/80plus.es\\\/es\\\/shop\\\/\"},{\"@type\":\"ListItem\",\"position\":3,\"name\":\"Espresso pro\"}]},{\"@type\":\"WebSite\",\"@id\":\"https:\\\/\\\/80plus.es\\\/#website\",\"url\":\"https:\\\/\\\/80plus.es\\\/\",\"name\":\"80plus\",\"description\":\"Specialty Coffee\",\"publisher\":{\"@id\":\"https:\\\/\\\/80plus.es\\\/#organization\"},\"potentialAction\":[{\"@type\":\"SearchAction\",\"target\":{\"@type\":\"EntryPoint\",\"urlTemplate\":\"https:\\\/\\\/80plus.es\\\/?s={search_term_string}\"},\"query-input\":{\"@type\":\"PropertyValueSpecification\",\"valueRequired\":true,\"valueName\":\"search_term_string\"}}],\"inLanguage\":\"es\"},{\"@type\":\"Organization\",\"@id\":\"https:\\\/\\\/80plus.es\\\/#organization\",\"name\":\"80plus\",\"url\":\"https:\\\/\\\/80plus.es\\\/\",\"logo\":{\"@type\":\"ImageObject\",\"inLanguage\":\"es\",\"@id\":\"https:\\\/\\\/80plus.es\\\/#\\\/schema\\\/logo\\\/image\\\/\",\"url\":\"http:\\\/\\\/80plus.es\\\/wp-content\\\/uploads\\\/2020\\\/05\\\/Untitled-1-1.png\",\"contentUrl\":\"http:\\\/\\\/80plus.es\\\/wp-content\\\/uploads\\\/2020\\\/05\\\/Untitled-1-1.png\",\"width\":400,\"height\":140,\"caption\":\"80plus\"},\"image\":{\"@id\":\"https:\\\/\\\/80plus.es\\\/#\\\/schema\\\/logo\\\/image\\\/\"},\"sameAs\":[\"https:\\\/\\\/www.facebook.com\\\/80plusspecialtycoffee\",\"https:\\\/\\\/www.instagram.com\\\/80plus.coffee\\\/\",\"https:\\\/\\\/www.linkedin.com\\\/company\\\/80plus-specialty-coffee\"]}]}<\/script>\n<!-- \/ Yoast SEO plugin. -->","yoast_head_json":{"title":"Espresso pro - 80plus","robots":{"index":"index","follow":"follow","max-snippet":"max-snippet:-1","max-image-preview":"max-image-preview:large","max-video-preview":"max-video-preview:-1"},"canonical":"https:\/\/80plus.es\/es\/producto\/espresso-pro\/","og_locale":"es_ES","og_type":"article","og_title":"Espresso pro - 80plus","og_description":"Curso de 4 horas  &nbsp;  Aprender\u00e1s   Los puntos fundamentales de c\u00f3mo funcionan las maquinas espresso y molinillos de vario tipo  Como elaborar la perfecta receta para tu caf\u00e9 - regular molinillo, ajustar dosis, temperatura del agua  Como reconocer defectos de extracci\u00f3n y como corregirlos  Como escoger el caf\u00e9 en base a origen y proceso para tus recetas  Limpieza  &nbsp;  Todo el curso ser\u00e1 hecho para resolver todas las dudas personales de cada persona.  Para m\u00e1s informaci\u00f3n escr\u00edbenos a info@80plus.es  Producto vendido individualmente. Usar el cup\u00f3n FSFC para evitar cargos en gastos de env\u00edo.","og_url":"https:\/\/80plus.es\/es\/producto\/espresso-pro\/","og_site_name":"80plus","article_publisher":"https:\/\/www.facebook.com\/80plusspecialtycoffee","article_modified_time":"2025-08-26T08:31:40+00:00","og_image":[{"width":1166,"height":778,"url":"https:\/\/80plus.es\/wp-content\/uploads\/2021\/05\/FET_IMG_4803.jpg","type":"image\/jpeg"}],"twitter_card":"summary_large_image","schema":{"@context":"https:\/\/schema.org","@graph":[{"@type":"WebPage","@id":"https:\/\/80plus.es\/es\/producto\/espresso-pro\/","url":"https:\/\/80plus.es\/es\/producto\/espresso-pro\/","name":"Espresso pro - 80plus","isPartOf":{"@id":"https:\/\/80plus.es\/#website"},"primaryImageOfPage":{"@id":"https:\/\/80plus.es\/es\/producto\/espresso-pro\/#primaryimage"},"image":{"@id":"https:\/\/80plus.es\/es\/producto\/espresso-pro\/#primaryimage"},"thumbnailUrl":"https:\/\/80plus.es\/wp-content\/uploads\/2021\/05\/FET_IMG_4803.jpg","datePublished":"2021-05-05T10:17:56+00:00","dateModified":"2025-08-26T08:31:40+00:00","breadcrumb":{"@id":"https:\/\/80plus.es\/es\/producto\/espresso-pro\/#breadcrumb"},"inLanguage":"es","potentialAction":[{"@type":"ReadAction","target":["https:\/\/80plus.es\/es\/producto\/espresso-pro\/"]}]},{"@type":"ImageObject","inLanguage":"es","@id":"https:\/\/80plus.es\/es\/producto\/espresso-pro\/#primaryimage","url":"https:\/\/80plus.es\/wp-content\/uploads\/2021\/05\/FET_IMG_4803.jpg","contentUrl":"https:\/\/80plus.es\/wp-content\/uploads\/2021\/05\/FET_IMG_4803.jpg","width":1166,"height":778},{"@type":"BreadcrumbList","@id":"https:\/\/80plus.es\/es\/producto\/espresso-pro\/#breadcrumb","itemListElement":[{"@type":"ListItem","position":1,"name":"Home","item":"https:\/\/80plus.es\/es\/"},{"@type":"ListItem","position":2,"name":"Shop","item":"https:\/\/80plus.es\/es\/shop\/"},{"@type":"ListItem","position":3,"name":"Espresso pro"}]},{"@type":"WebSite","@id":"https:\/\/80plus.es\/#website","url":"https:\/\/80plus.es\/","name":"80plus","description":"Specialty Coffee","publisher":{"@id":"https:\/\/80plus.es\/#organization"},"potentialAction":[{"@type":"SearchAction","target":{"@type":"EntryPoint","urlTemplate":"https:\/\/80plus.es\/?s={search_term_string}"},"query-input":{"@type":"PropertyValueSpecification","valueRequired":true,"valueName":"search_term_string"}}],"inLanguage":"es"},{"@type":"Organization","@id":"https:\/\/80plus.es\/#organization","name":"80plus","url":"https:\/\/80plus.es\/","logo":{"@type":"ImageObject","inLanguage":"es","@id":"https:\/\/80plus.es\/#\/schema\/logo\/image\/","url":"http:\/\/80plus.es\/wp-content\/uploads\/2020\/05\/Untitled-1-1.png","contentUrl":"http:\/\/80plus.es\/wp-content\/uploads\/2020\/05\/Untitled-1-1.png","width":400,"height":140,"caption":"80plus"},"image":{"@id":"https:\/\/80plus.es\/#\/schema\/logo\/image\/"},"sameAs":["https:\/\/www.facebook.com\/80plusspecialtycoffee","https:\/\/www.instagram.com\/80plus.coffee\/","https:\/\/www.linkedin.com\/company\/80plus-specialty-coffee"]}]}},"_links":{"self":[{"href":"https:\/\/80plus.es\/es\/wp-json\/wp\/v2\/product\/5539","targetHints":{"allow":["GET"]}}],"collection":[{"href":"https:\/\/80plus.es\/es\/wp-json\/wp\/v2\/product"}],"about":[{"href":"https:\/\/80plus.es\/es\/wp-json\/wp\/v2\/types\/product"}],"wp:featuredmedia":[{"embeddable":true,"href":"https:\/\/80plus.es\/es\/wp-json\/wp\/v2\/media\/5541"}],"wp:attachment":[{"href":"https:\/\/80plus.es\/es\/wp-json\/wp\/v2\/media?parent=5539"}],"wp:term":[{"taxonomy":"product_brand","embeddable":true,"href":"https:\/\/80plus.es\/es\/wp-json\/wp\/v2\/product_brand?post=5539"},{"taxonomy":"product_cat","embeddable":true,"href":"https:\/\/80plus.es\/es\/wp-json\/wp\/v2\/product_cat?post=5539"},{"taxonomy":"product_tag","embeddable":true,"href":"https:\/\/80plus.es\/es\/wp-json\/wp\/v2\/product_tag?post=5539"},{"taxonomy":"country","embeddable":true,"href":"https:\/\/80plus.es\/es\/wp-json\/wp\/v2\/country?post=5539"}],"curies":[{"name":"wp","href":"https:\/\/api.w.org\/{rel}","templated":true}]}}