{"id":5551,"date":"2021-05-05T10:23:32","date_gmt":"2021-05-05T10:23:32","guid":{"rendered":"http:\/\/80plus.es\/?post_type=product&#038;p=5551"},"modified":"2025-09-19T13:26:57","modified_gmt":"2025-09-19T13:26:57","slug":"origenes-y-cata-del-cafe-verde-profesional","status":"publish","type":"product","link":"https:\/\/80plus.es\/es\/producto\/origenes-y-cata-del-cafe-verde-profesional\/","title":{"rendered":"Or\u00edgenes y cata del caf\u00e9 verde profesional"},"content":{"rendered":"","protected":false},"excerpt":{"rendered":"<p>Curso de 4 horas<\/p>\n<p>&nbsp;<\/p>\n<p>Aprender\u00e1s<\/p>\n<ul>\n<li>Como preparar una cata profesional de caf\u00e9<\/li>\n<li>La diferencia entre caf\u00e9 comercial y caf\u00e9 de especialidad<\/li>\n<li>Los aromas y sabores tipicos de varias origenes<\/li>\n<li>Los aromas y sabores tipicos de varios procesos<\/li>\n<li>Defectos del caf\u00e9 verde, como caf\u00e9 viejo<\/li>\n<\/ul>\n<p>Para m\u00e1s informaci\u00f3n escr\u00edbenos a <a href=\"mailto:info@80plus.es\">info@80plus.es.<\/a><\/p>\n<p>Producto vendido <strong>individualmente. <\/strong>Usar el cup\u00f3n <strong>FSFC<\/strong> para evitar cargos en gastos de env\u00edo.<\/p>\n","protected":false},"featured_media":5553,"template":"","meta":{"_acf_changed":false},"product_brand":[],"product_cat":[143],"product_tag":[],"country":[],"class_list":{"0":"post-5551","1":"product","2":"type-product","3":"status-publish","4":"has-post-thumbnail","6":"product_cat-formacion-es","7":"product_shipping_class-envio-gratis-para-cursos","9":"first","10":"outofstock","11":"virtual","12":"sold-individually","13":"purchasable","14":"product-type-simple"},"acf":[],"yoast_head":"<!-- This site is optimized with the Yoast SEO plugin v27.4 - https:\/\/yoast.com\/product\/yoast-seo-wordpress\/ -->\n<title>Or\u00edgenes y cata del caf\u00e9 verde profesional - 80plus<\/title>\n<meta name=\"robots\" content=\"index, follow, max-snippet:-1, max-image-preview:large, max-video-preview:-1\" \/>\n<link rel=\"canonical\" href=\"https:\/\/80plus.es\/product\/origin-and-green-coffee-cupping-course-pro\/\" \/>\n<meta property=\"og:locale\" content=\"es_ES\" \/>\n<meta property=\"og:type\" content=\"article\" \/>\n<meta property=\"og:title\" content=\"Or\u00edgenes y cata del caf\u00e9 verde profesional - 80plus\" \/>\n<meta property=\"og:description\" content=\"Curso de 4 horas  &nbsp;  Aprender\u00e1s   Como preparar una cata profesional de caf\u00e9  La diferencia entre caf\u00e9 comercial y caf\u00e9 de especialidad  Los aromas y sabores tipicos de varias origenes  Los aromas y sabores tipicos de varios procesos  Defectos del caf\u00e9 verde, como caf\u00e9 viejo  Para m\u00e1s informaci\u00f3n escr\u00edbenos a info@80plus.es.  Producto vendido individualmente. Usar el cup\u00f3n FSFC para evitar cargos en gastos de env\u00edo.\" \/>\n<meta property=\"og:url\" content=\"https:\/\/80plus.es\/product\/origin-and-green-coffee-cupping-course-pro\/\" \/>\n<meta property=\"og:site_name\" content=\"80plus\" \/>\n<meta property=\"article:publisher\" content=\"https:\/\/www.facebook.com\/80plusspecialtycoffee\" \/>\n<meta property=\"article:modified_time\" content=\"2025-09-19T13:26:57+00:00\" \/>\n<meta property=\"og:image\" content=\"https:\/\/80plus.es\/wp-content\/uploads\/2021\/05\/MG_7926.jpg\" \/>\n\t<meta property=\"og:image:width\" content=\"1158\" \/>\n\t<meta property=\"og:image:height\" content=\"772\" \/>\n\t<meta property=\"og:image:type\" content=\"image\/jpeg\" \/>\n<meta name=\"twitter:card\" content=\"summary_large_image\" \/>\n<script type=\"application\/ld+json\" class=\"yoast-schema-graph\">{\"@context\":\"https:\\\/\\\/schema.org\",\"@graph\":[{\"@type\":\"WebPage\",\"@id\":\"https:\\\/\\\/80plus.es\\\/product\\\/origin-and-green-coffee-cupping-course-pro\\\/\",\"url\":\"https:\\\/\\\/80plus.es\\\/product\\\/origin-and-green-coffee-cupping-course-pro\\\/\",\"name\":\"Or\u00edgenes y cata del caf\u00e9 verde profesional - 80plus\",\"isPartOf\":{\"@id\":\"https:\\\/\\\/80plus.es\\\/#website\"},\"primaryImageOfPage\":{\"@id\":\"https:\\\/\\\/80plus.es\\\/product\\\/origin-and-green-coffee-cupping-course-pro\\\/#primaryimage\"},\"image\":{\"@id\":\"https:\\\/\\\/80plus.es\\\/product\\\/origin-and-green-coffee-cupping-course-pro\\\/#primaryimage\"},\"thumbnailUrl\":\"https:\\\/\\\/80plus.es\\\/wp-content\\\/uploads\\\/2021\\\/05\\\/MG_7926.jpg\",\"datePublished\":\"2021-05-05T10:23:32+00:00\",\"dateModified\":\"2025-09-19T13:26:57+00:00\",\"breadcrumb\":{\"@id\":\"https:\\\/\\\/80plus.es\\\/product\\\/origin-and-green-coffee-cupping-course-pro\\\/#breadcrumb\"},\"inLanguage\":\"es\",\"potentialAction\":[{\"@type\":\"ReadAction\",\"target\":[\"https:\\\/\\\/80plus.es\\\/product\\\/origin-and-green-coffee-cupping-course-pro\\\/\"]}]},{\"@type\":\"ImageObject\",\"inLanguage\":\"es\",\"@id\":\"https:\\\/\\\/80plus.es\\\/product\\\/origin-and-green-coffee-cupping-course-pro\\\/#primaryimage\",\"url\":\"https:\\\/\\\/80plus.es\\\/wp-content\\\/uploads\\\/2021\\\/05\\\/MG_7926.jpg\",\"contentUrl\":\"https:\\\/\\\/80plus.es\\\/wp-content\\\/uploads\\\/2021\\\/05\\\/MG_7926.jpg\",\"width\":1158,\"height\":772},{\"@type\":\"BreadcrumbList\",\"@id\":\"https:\\\/\\\/80plus.es\\\/product\\\/origin-and-green-coffee-cupping-course-pro\\\/#breadcrumb\",\"itemListElement\":[{\"@type\":\"ListItem\",\"position\":1,\"name\":\"Home\",\"item\":\"https:\\\/\\\/80plus.es\\\/es\\\/\"},{\"@type\":\"ListItem\",\"position\":2,\"name\":\"Shop\",\"item\":\"https:\\\/\\\/80plus.es\\\/es\\\/shop\\\/\"},{\"@type\":\"ListItem\",\"position\":3,\"name\":\"Or\u00edgenes y cata del caf\u00e9 verde profesional\"}]},{\"@type\":\"WebSite\",\"@id\":\"https:\\\/\\\/80plus.es\\\/#website\",\"url\":\"https:\\\/\\\/80plus.es\\\/\",\"name\":\"80plus\",\"description\":\"Specialty Coffee\",\"publisher\":{\"@id\":\"https:\\\/\\\/80plus.es\\\/#organization\"},\"potentialAction\":[{\"@type\":\"SearchAction\",\"target\":{\"@type\":\"EntryPoint\",\"urlTemplate\":\"https:\\\/\\\/80plus.es\\\/?s={search_term_string}\"},\"query-input\":{\"@type\":\"PropertyValueSpecification\",\"valueRequired\":true,\"valueName\":\"search_term_string\"}}],\"inLanguage\":\"es\"},{\"@type\":\"Organization\",\"@id\":\"https:\\\/\\\/80plus.es\\\/#organization\",\"name\":\"80plus\",\"url\":\"https:\\\/\\\/80plus.es\\\/\",\"logo\":{\"@type\":\"ImageObject\",\"inLanguage\":\"es\",\"@id\":\"https:\\\/\\\/80plus.es\\\/#\\\/schema\\\/logo\\\/image\\\/\",\"url\":\"http:\\\/\\\/80plus.es\\\/wp-content\\\/uploads\\\/2020\\\/05\\\/Untitled-1-1.png\",\"contentUrl\":\"http:\\\/\\\/80plus.es\\\/wp-content\\\/uploads\\\/2020\\\/05\\\/Untitled-1-1.png\",\"width\":400,\"height\":140,\"caption\":\"80plus\"},\"image\":{\"@id\":\"https:\\\/\\\/80plus.es\\\/#\\\/schema\\\/logo\\\/image\\\/\"},\"sameAs\":[\"https:\\\/\\\/www.facebook.com\\\/80plusspecialtycoffee\",\"https:\\\/\\\/www.instagram.com\\\/80plus.coffee\\\/\",\"https:\\\/\\\/www.linkedin.com\\\/company\\\/80plus-specialty-coffee\"]}]}<\/script>\n<!-- \/ Yoast SEO plugin. -->","yoast_head_json":{"title":"Or\u00edgenes y cata del caf\u00e9 verde profesional - 80plus","robots":{"index":"index","follow":"follow","max-snippet":"max-snippet:-1","max-image-preview":"max-image-preview:large","max-video-preview":"max-video-preview:-1"},"canonical":"https:\/\/80plus.es\/product\/origin-and-green-coffee-cupping-course-pro\/","og_locale":"es_ES","og_type":"article","og_title":"Or\u00edgenes y cata del caf\u00e9 verde profesional - 80plus","og_description":"Curso de 4 horas  &nbsp;  Aprender\u00e1s   Como preparar una cata profesional de caf\u00e9  La diferencia entre caf\u00e9 comercial y caf\u00e9 de especialidad  Los aromas y sabores tipicos de varias origenes  Los aromas y sabores tipicos de varios procesos  Defectos del caf\u00e9 verde, como caf\u00e9 viejo  Para m\u00e1s informaci\u00f3n escr\u00edbenos a info@80plus.es.  Producto vendido individualmente. Usar el cup\u00f3n FSFC para evitar cargos en gastos de env\u00edo.","og_url":"https:\/\/80plus.es\/product\/origin-and-green-coffee-cupping-course-pro\/","og_site_name":"80plus","article_publisher":"https:\/\/www.facebook.com\/80plusspecialtycoffee","article_modified_time":"2025-09-19T13:26:57+00:00","og_image":[{"width":1158,"height":772,"url":"https:\/\/80plus.es\/wp-content\/uploads\/2021\/05\/MG_7926.jpg","type":"image\/jpeg"}],"twitter_card":"summary_large_image","schema":{"@context":"https:\/\/schema.org","@graph":[{"@type":"WebPage","@id":"https:\/\/80plus.es\/product\/origin-and-green-coffee-cupping-course-pro\/","url":"https:\/\/80plus.es\/product\/origin-and-green-coffee-cupping-course-pro\/","name":"Or\u00edgenes y cata del caf\u00e9 verde profesional - 80plus","isPartOf":{"@id":"https:\/\/80plus.es\/#website"},"primaryImageOfPage":{"@id":"https:\/\/80plus.es\/product\/origin-and-green-coffee-cupping-course-pro\/#primaryimage"},"image":{"@id":"https:\/\/80plus.es\/product\/origin-and-green-coffee-cupping-course-pro\/#primaryimage"},"thumbnailUrl":"https:\/\/80plus.es\/wp-content\/uploads\/2021\/05\/MG_7926.jpg","datePublished":"2021-05-05T10:23:32+00:00","dateModified":"2025-09-19T13:26:57+00:00","breadcrumb":{"@id":"https:\/\/80plus.es\/product\/origin-and-green-coffee-cupping-course-pro\/#breadcrumb"},"inLanguage":"es","potentialAction":[{"@type":"ReadAction","target":["https:\/\/80plus.es\/product\/origin-and-green-coffee-cupping-course-pro\/"]}]},{"@type":"ImageObject","inLanguage":"es","@id":"https:\/\/80plus.es\/product\/origin-and-green-coffee-cupping-course-pro\/#primaryimage","url":"https:\/\/80plus.es\/wp-content\/uploads\/2021\/05\/MG_7926.jpg","contentUrl":"https:\/\/80plus.es\/wp-content\/uploads\/2021\/05\/MG_7926.jpg","width":1158,"height":772},{"@type":"BreadcrumbList","@id":"https:\/\/80plus.es\/product\/origin-and-green-coffee-cupping-course-pro\/#breadcrumb","itemListElement":[{"@type":"ListItem","position":1,"name":"Home","item":"https:\/\/80plus.es\/es\/"},{"@type":"ListItem","position":2,"name":"Shop","item":"https:\/\/80plus.es\/es\/shop\/"},{"@type":"ListItem","position":3,"name":"Or\u00edgenes y cata del caf\u00e9 verde profesional"}]},{"@type":"WebSite","@id":"https:\/\/80plus.es\/#website","url":"https:\/\/80plus.es\/","name":"80plus","description":"Specialty Coffee","publisher":{"@id":"https:\/\/80plus.es\/#organization"},"potentialAction":[{"@type":"SearchAction","target":{"@type":"EntryPoint","urlTemplate":"https:\/\/80plus.es\/?s={search_term_string}"},"query-input":{"@type":"PropertyValueSpecification","valueRequired":true,"valueName":"search_term_string"}}],"inLanguage":"es"},{"@type":"Organization","@id":"https:\/\/80plus.es\/#organization","name":"80plus","url":"https:\/\/80plus.es\/","logo":{"@type":"ImageObject","inLanguage":"es","@id":"https:\/\/80plus.es\/#\/schema\/logo\/image\/","url":"http:\/\/80plus.es\/wp-content\/uploads\/2020\/05\/Untitled-1-1.png","contentUrl":"http:\/\/80plus.es\/wp-content\/uploads\/2020\/05\/Untitled-1-1.png","width":400,"height":140,"caption":"80plus"},"image":{"@id":"https:\/\/80plus.es\/#\/schema\/logo\/image\/"},"sameAs":["https:\/\/www.facebook.com\/80plusspecialtycoffee","https:\/\/www.instagram.com\/80plus.coffee\/","https:\/\/www.linkedin.com\/company\/80plus-specialty-coffee"]}]}},"_links":{"self":[{"href":"https:\/\/80plus.es\/es\/wp-json\/wp\/v2\/product\/5551","targetHints":{"allow":["GET"]}}],"collection":[{"href":"https:\/\/80plus.es\/es\/wp-json\/wp\/v2\/product"}],"about":[{"href":"https:\/\/80plus.es\/es\/wp-json\/wp\/v2\/types\/product"}],"wp:featuredmedia":[{"embeddable":true,"href":"https:\/\/80plus.es\/es\/wp-json\/wp\/v2\/media\/5553"}],"wp:attachment":[{"href":"https:\/\/80plus.es\/es\/wp-json\/wp\/v2\/media?parent=5551"}],"wp:term":[{"taxonomy":"product_brand","embeddable":true,"href":"https:\/\/80plus.es\/es\/wp-json\/wp\/v2\/product_brand?post=5551"},{"taxonomy":"product_cat","embeddable":true,"href":"https:\/\/80plus.es\/es\/wp-json\/wp\/v2\/product_cat?post=5551"},{"taxonomy":"product_tag","embeddable":true,"href":"https:\/\/80plus.es\/es\/wp-json\/wp\/v2\/product_tag?post=5551"},{"taxonomy":"country","embeddable":true,"href":"https:\/\/80plus.es\/es\/wp-json\/wp\/v2\/country?post=5551"}],"curies":[{"name":"wp","href":"https:\/\/api.w.org\/{rel}","templated":true}]}}