{"id":7378,"date":"2023-01-23T14:08:40","date_gmt":"2023-01-23T14:08:40","guid":{"rendered":"http:\/\/80plus.es\/?post_type=product&#038;p=7378"},"modified":"2025-08-26T07:33:16","modified_gmt":"2025-08-26T07:33:16","slug":"mogiana","status":"publish","type":"product","link":"https:\/\/80plus.es\/es\/producto\/mogiana\/","title":{"rendered":"Mogiana"},"content":{"rendered":"","protected":false},"excerpt":{"rendered":"<div class=\"flex_column av_one_half flex_column_table_cell av-equal-height-column av-align-top av-zero-column-padding first avia-builder-el-11 el_before_av_one_half avia-builder-el-first \">\n<section class=\"av_textblock_section \">\n<div class=\"avia_textblock dark \">\n<div class=\"flex_column av_one_half flex_column_table_cell av-equal-height-column av-align-top av-zero-column-padding first avia-builder-el-11 el_before_av_one_half avia-builder-el-first \">\n<section class=\"av_textblock_section \">\n<div class=\"avia_textblock dark \">\n<p>La regi\u00f3n de Mogiana, que se extiende a lo largo de la frontera entre S\u00e3o Paulo y Minas Gerais, alberga algunos de los naturales m\u00e1s consistentemente dulces y mejor estructurados que se producen en Brasil. Lotes seleccionados de fincas individuales se procesaron juntos para crear una taza rica, suave, equilibrada y limpia. El objetivo con este caf\u00e9 es tener un perfil confiable de lote a lote, haciendo de Mogiana un caf\u00e9 que pueda servir como la base para nuestra oferta durante todo el a\u00f1o.<\/p>\n<\/div>\n<\/section>\n<\/div>\n<section class=\"av_textblock_section \">\n<div class=\"avia_textblock dark our-coffees-specs \">\n<ul class=\"our-coffees-specs-list\">\n<li><span class=\"our-coffees-specs-label\">Origen:<\/span><span class=\"our-coffees-specs-desc\">Brasil<\/span><\/li>\n<li><span class=\"our-coffees-specs-label\">Terroir:<\/span><span class=\"our-coffees-specs-desc\">Mogiana, 1400 m<\/span><\/li>\n<li><span class=\"our-coffees-specs-label\">Productor:<\/span><span class=\"our-coffees-specs-desc\">Varios Productores<\/span><\/li>\n<li><span class=\"our-coffees-specs-label\">Variedad:<\/span><span class=\"our-coffees-specs-desc\">Acaia, Catuai, Caturra, Mundo Nuovo<\/span><\/li>\n<li><span class=\"our-coffees-specs-label\">Proceso:<\/span><span class=\"our-coffees-specs-desc\">Natural<\/span><\/li>\n<li><span class=\"our-coffees-specs-label\">Secado:<\/span><span class=\"our-coffees-specs-desc\">Al sol en camas africanas<\/span><\/li>\n<\/ul>\n<ul class=\"our-coffees-specs\">\n<li><span class=\"our-coffees-specs-label\">Aroma:<\/span><span class=\"our-coffees-specs-desc\">Miel\u00a0<\/span><\/li>\n<li><span class=\"our-coffees-specs-label\">Sabor:<\/span><span class=\"our-coffees-specs-desc\">Chocolate, almendra, frutos deshidratados<\/span><\/li>\n<\/ul>\n<\/div>\n<\/section>\n<\/div>\n<\/section>\n<\/div>\n<section class=\"av_textblock_section \">\n<div class=\"avia_textblock dark our-coffees-specs \"><\/div>\n<\/section>\n","protected":false},"featured_media":7388,"template":"","meta":{"_acf_changed":false},"product_brand":[],"product_cat":[51,107],"product_tag":[202],"country":[20],"class_list":{"0":"post-7378","1":"product","2":"type-product","3":"status-publish","4":"has-post-thumbnail","6":"product_cat-cafe","7":"product_cat-espresso-es","8":"product_tag-cafe-de-brasil","9":"product_shipping_class-coffee-es","10":"country-brazil","12":"first","13":"instock","14":"shipping-taxable","15":"purchasable","16":"product-type-variable","17":"has-default-attributes"},"acf":[],"yoast_head":"<!-- This site is optimized with the Yoast SEO plugin v27.4 - https:\/\/yoast.com\/product\/yoast-seo-wordpress\/ -->\n<title>Mogiana - 80plus<\/title>\n<meta name=\"description\" content=\"Caf\u00e9 de Brasil tostado en Barcelona por 80plus Specialty coffee. Con aroma de miel y sabor a chocolate negro, almendra y frutos deshidratados.\" \/>\n<meta name=\"robots\" content=\"index, follow, max-snippet:-1, max-image-preview:large, max-video-preview:-1\" \/>\n<link rel=\"canonical\" href=\"https:\/\/80plus.es\/es\/producto\/mogiana\/\" \/>\n<meta property=\"og:locale\" content=\"es_ES\" \/>\n<meta property=\"og:type\" content=\"article\" \/>\n<meta property=\"og:title\" content=\"Mogiana - 80plus\" \/>\n<meta property=\"og:description\" content=\"Caf\u00e9 de Brasil tostado en Barcelona por 80plus Specialty coffee. Con aroma de miel y sabor a chocolate negro, almendra y frutos deshidratados.\" \/>\n<meta property=\"og:url\" content=\"https:\/\/80plus.es\/es\/producto\/mogiana\/\" \/>\n<meta property=\"og:site_name\" content=\"80plus\" \/>\n<meta property=\"article:publisher\" content=\"https:\/\/www.facebook.com\/80plusspecialtycoffee\" \/>\n<meta property=\"article:modified_time\" content=\"2025-08-26T07:33:16+00:00\" \/>\n<meta property=\"og:image\" content=\"https:\/\/80plus.es\/wp-content\/uploads\/2023\/01\/mogiana.jpg\" \/>\n\t<meta property=\"og:image:width\" content=\"800\" \/>\n\t<meta property=\"og:image:height\" content=\"800\" \/>\n\t<meta property=\"og:image:type\" content=\"image\/jpeg\" \/>\n<meta name=\"twitter:card\" content=\"summary_large_image\" \/>\n<script type=\"application\/ld+json\" class=\"yoast-schema-graph\">{\"@context\":\"https:\\\/\\\/schema.org\",\"@graph\":[{\"@type\":\"WebPage\",\"@id\":\"https:\\\/\\\/80plus.es\\\/es\\\/producto\\\/mogiana\\\/\",\"url\":\"https:\\\/\\\/80plus.es\\\/es\\\/producto\\\/mogiana\\\/\",\"name\":\"Mogiana - 80plus\",\"isPartOf\":{\"@id\":\"https:\\\/\\\/80plus.es\\\/#website\"},\"primaryImageOfPage\":{\"@id\":\"https:\\\/\\\/80plus.es\\\/es\\\/producto\\\/mogiana\\\/#primaryimage\"},\"image\":{\"@id\":\"https:\\\/\\\/80plus.es\\\/es\\\/producto\\\/mogiana\\\/#primaryimage\"},\"thumbnailUrl\":\"https:\\\/\\\/80plus.es\\\/wp-content\\\/uploads\\\/2023\\\/01\\\/mogiana.jpg\",\"datePublished\":\"2023-01-23T14:08:40+00:00\",\"dateModified\":\"2025-08-26T07:33:16+00:00\",\"description\":\"Caf\u00e9 de Brasil tostado en Barcelona por 80plus Specialty coffee. Con aroma de miel y sabor a chocolate negro, almendra y frutos deshidratados.\",\"breadcrumb\":{\"@id\":\"https:\\\/\\\/80plus.es\\\/es\\\/producto\\\/mogiana\\\/#breadcrumb\"},\"inLanguage\":\"es\",\"potentialAction\":[{\"@type\":\"ReadAction\",\"target\":[\"https:\\\/\\\/80plus.es\\\/es\\\/producto\\\/mogiana\\\/\"]}]},{\"@type\":\"ImageObject\",\"inLanguage\":\"es\",\"@id\":\"https:\\\/\\\/80plus.es\\\/es\\\/producto\\\/mogiana\\\/#primaryimage\",\"url\":\"https:\\\/\\\/80plus.es\\\/wp-content\\\/uploads\\\/2023\\\/01\\\/mogiana.jpg\",\"contentUrl\":\"https:\\\/\\\/80plus.es\\\/wp-content\\\/uploads\\\/2023\\\/01\\\/mogiana.jpg\",\"width\":800,\"height\":800,\"caption\":\"can of coffee with 80plus logo on it and Mediterranean view photo\"},{\"@type\":\"BreadcrumbList\",\"@id\":\"https:\\\/\\\/80plus.es\\\/es\\\/producto\\\/mogiana\\\/#breadcrumb\",\"itemListElement\":[{\"@type\":\"ListItem\",\"position\":1,\"name\":\"Home\",\"item\":\"https:\\\/\\\/80plus.es\\\/es\\\/\"},{\"@type\":\"ListItem\",\"position\":2,\"name\":\"Shop\",\"item\":\"https:\\\/\\\/80plus.es\\\/es\\\/shop\\\/\"},{\"@type\":\"ListItem\",\"position\":3,\"name\":\"Mogiana\"}]},{\"@type\":\"WebSite\",\"@id\":\"https:\\\/\\\/80plus.es\\\/#website\",\"url\":\"https:\\\/\\\/80plus.es\\\/\",\"name\":\"80plus\",\"description\":\"Specialty Coffee\",\"publisher\":{\"@id\":\"https:\\\/\\\/80plus.es\\\/#organization\"},\"potentialAction\":[{\"@type\":\"SearchAction\",\"target\":{\"@type\":\"EntryPoint\",\"urlTemplate\":\"https:\\\/\\\/80plus.es\\\/?s={search_term_string}\"},\"query-input\":{\"@type\":\"PropertyValueSpecification\",\"valueRequired\":true,\"valueName\":\"search_term_string\"}}],\"inLanguage\":\"es\"},{\"@type\":\"Organization\",\"@id\":\"https:\\\/\\\/80plus.es\\\/#organization\",\"name\":\"80plus\",\"url\":\"https:\\\/\\\/80plus.es\\\/\",\"logo\":{\"@type\":\"ImageObject\",\"inLanguage\":\"es\",\"@id\":\"https:\\\/\\\/80plus.es\\\/#\\\/schema\\\/logo\\\/image\\\/\",\"url\":\"http:\\\/\\\/80plus.es\\\/wp-content\\\/uploads\\\/2020\\\/05\\\/Untitled-1-1.png\",\"contentUrl\":\"http:\\\/\\\/80plus.es\\\/wp-content\\\/uploads\\\/2020\\\/05\\\/Untitled-1-1.png\",\"width\":400,\"height\":140,\"caption\":\"80plus\"},\"image\":{\"@id\":\"https:\\\/\\\/80plus.es\\\/#\\\/schema\\\/logo\\\/image\\\/\"},\"sameAs\":[\"https:\\\/\\\/www.facebook.com\\\/80plusspecialtycoffee\",\"https:\\\/\\\/www.instagram.com\\\/80plus.coffee\\\/\",\"https:\\\/\\\/www.linkedin.com\\\/company\\\/80plus-specialty-coffee\"]}]}<\/script>\n<!-- \/ Yoast SEO plugin. -->","yoast_head_json":{"title":"Mogiana - 80plus","description":"Caf\u00e9 de Brasil tostado en Barcelona por 80plus Specialty coffee. Con aroma de miel y sabor a chocolate negro, almendra y frutos deshidratados.","robots":{"index":"index","follow":"follow","max-snippet":"max-snippet:-1","max-image-preview":"max-image-preview:large","max-video-preview":"max-video-preview:-1"},"canonical":"https:\/\/80plus.es\/es\/producto\/mogiana\/","og_locale":"es_ES","og_type":"article","og_title":"Mogiana - 80plus","og_description":"Caf\u00e9 de Brasil tostado en Barcelona por 80plus Specialty coffee. Con aroma de miel y sabor a chocolate negro, almendra y frutos deshidratados.","og_url":"https:\/\/80plus.es\/es\/producto\/mogiana\/","og_site_name":"80plus","article_publisher":"https:\/\/www.facebook.com\/80plusspecialtycoffee","article_modified_time":"2025-08-26T07:33:16+00:00","og_image":[{"width":800,"height":800,"url":"https:\/\/80plus.es\/wp-content\/uploads\/2023\/01\/mogiana.jpg","type":"image\/jpeg"}],"twitter_card":"summary_large_image","schema":{"@context":"https:\/\/schema.org","@graph":[{"@type":"WebPage","@id":"https:\/\/80plus.es\/es\/producto\/mogiana\/","url":"https:\/\/80plus.es\/es\/producto\/mogiana\/","name":"Mogiana - 80plus","isPartOf":{"@id":"https:\/\/80plus.es\/#website"},"primaryImageOfPage":{"@id":"https:\/\/80plus.es\/es\/producto\/mogiana\/#primaryimage"},"image":{"@id":"https:\/\/80plus.es\/es\/producto\/mogiana\/#primaryimage"},"thumbnailUrl":"https:\/\/80plus.es\/wp-content\/uploads\/2023\/01\/mogiana.jpg","datePublished":"2023-01-23T14:08:40+00:00","dateModified":"2025-08-26T07:33:16+00:00","description":"Caf\u00e9 de Brasil tostado en Barcelona por 80plus Specialty coffee. Con aroma de miel y sabor a chocolate negro, almendra y frutos deshidratados.","breadcrumb":{"@id":"https:\/\/80plus.es\/es\/producto\/mogiana\/#breadcrumb"},"inLanguage":"es","potentialAction":[{"@type":"ReadAction","target":["https:\/\/80plus.es\/es\/producto\/mogiana\/"]}]},{"@type":"ImageObject","inLanguage":"es","@id":"https:\/\/80plus.es\/es\/producto\/mogiana\/#primaryimage","url":"https:\/\/80plus.es\/wp-content\/uploads\/2023\/01\/mogiana.jpg","contentUrl":"https:\/\/80plus.es\/wp-content\/uploads\/2023\/01\/mogiana.jpg","width":800,"height":800,"caption":"can of coffee with 80plus logo on it and Mediterranean view photo"},{"@type":"BreadcrumbList","@id":"https:\/\/80plus.es\/es\/producto\/mogiana\/#breadcrumb","itemListElement":[{"@type":"ListItem","position":1,"name":"Home","item":"https:\/\/80plus.es\/es\/"},{"@type":"ListItem","position":2,"name":"Shop","item":"https:\/\/80plus.es\/es\/shop\/"},{"@type":"ListItem","position":3,"name":"Mogiana"}]},{"@type":"WebSite","@id":"https:\/\/80plus.es\/#website","url":"https:\/\/80plus.es\/","name":"80plus","description":"Specialty Coffee","publisher":{"@id":"https:\/\/80plus.es\/#organization"},"potentialAction":[{"@type":"SearchAction","target":{"@type":"EntryPoint","urlTemplate":"https:\/\/80plus.es\/?s={search_term_string}"},"query-input":{"@type":"PropertyValueSpecification","valueRequired":true,"valueName":"search_term_string"}}],"inLanguage":"es"},{"@type":"Organization","@id":"https:\/\/80plus.es\/#organization","name":"80plus","url":"https:\/\/80plus.es\/","logo":{"@type":"ImageObject","inLanguage":"es","@id":"https:\/\/80plus.es\/#\/schema\/logo\/image\/","url":"http:\/\/80plus.es\/wp-content\/uploads\/2020\/05\/Untitled-1-1.png","contentUrl":"http:\/\/80plus.es\/wp-content\/uploads\/2020\/05\/Untitled-1-1.png","width":400,"height":140,"caption":"80plus"},"image":{"@id":"https:\/\/80plus.es\/#\/schema\/logo\/image\/"},"sameAs":["https:\/\/www.facebook.com\/80plusspecialtycoffee","https:\/\/www.instagram.com\/80plus.coffee\/","https:\/\/www.linkedin.com\/company\/80plus-specialty-coffee"]}]}},"_links":{"self":[{"href":"https:\/\/80plus.es\/es\/wp-json\/wp\/v2\/product\/7378","targetHints":{"allow":["GET"]}}],"collection":[{"href":"https:\/\/80plus.es\/es\/wp-json\/wp\/v2\/product"}],"about":[{"href":"https:\/\/80plus.es\/es\/wp-json\/wp\/v2\/types\/product"}],"wp:featuredmedia":[{"embeddable":true,"href":"https:\/\/80plus.es\/es\/wp-json\/wp\/v2\/media\/7388"}],"wp:attachment":[{"href":"https:\/\/80plus.es\/es\/wp-json\/wp\/v2\/media?parent=7378"}],"wp:term":[{"taxonomy":"product_brand","embeddable":true,"href":"https:\/\/80plus.es\/es\/wp-json\/wp\/v2\/product_brand?post=7378"},{"taxonomy":"product_cat","embeddable":true,"href":"https:\/\/80plus.es\/es\/wp-json\/wp\/v2\/product_cat?post=7378"},{"taxonomy":"product_tag","embeddable":true,"href":"https:\/\/80plus.es\/es\/wp-json\/wp\/v2\/product_tag?post=7378"},{"taxonomy":"country","embeddable":true,"href":"https:\/\/80plus.es\/es\/wp-json\/wp\/v2\/country?post=7378"}],"curies":[{"name":"wp","href":"https:\/\/api.w.org\/{rel}","templated":true}]}}