{"id":7583,"date":"2023-03-09T15:20:40","date_gmt":"2023-03-09T15:20:40","guid":{"rendered":"http:\/\/80plus.es\/?post_type=product&#038;p=7583"},"modified":"2026-03-12T15:35:55","modified_gmt":"2026-03-12T15:35:55","slug":"barista-basics-masterclass","status":"publish","type":"product","link":"https:\/\/80plus.es\/es\/producto\/barista-basics-masterclass\/","title":{"rendered":"Barista Basics Masterclass"},"content":{"rendered":"","protected":false},"excerpt":{"rendered":"<p class=\"p1\"><span class=\"s1\">Barista Basics Masterclass<br \/>\n<b><\/b><\/span><\/p>\n<p class=\"p1\"><span class=\"s1\"><b>LUGAR &#8211; Via Laietana 36, the 80plus Specialty coffee studio, BARCELONA<\/b><\/span><\/p>\n<p>(Disponible: Lunes a las 10:00h, Mi\u00e9rcoles a las 17:30h, Jueves a las 17:30h. Reserva con antelaci\u00f3n -1 semana min.-. Nos pondremos en contacto contigo por email para concertar la fecha, una vez realizado el pedido).<br \/>\nLa duraci\u00f3n del curso es de 2 horas.<\/p>\n<p>\u00bfSiempre te han fascinado las habilidades de extracci\u00f3n de espresso del barista profesional, su capacidad para espumar la leche perfecta y dibujar hermosas figuras en tu capuchino? \u00bfQuieres aprenderlo por diversi\u00f3n, para poder hacerlo en casa y sorprender a tus invitados? \u00bfO quieres dar tus primeros pasos en el mundo del barismo? Ven a conocernos a nuestro 80plus Studio en el coraz\u00f3n de Barcelona para aprender junto a nuestro barista trainer:<\/p>\n<ul>\n<li><strong>Los fundamentos de la extracci\u00f3n de espresso de caf\u00e9 de especialidad<\/strong><\/li>\n<li><strong>Soluci\u00f3n de problemas m\u00e1s comunes y las mejores pr\u00e1cticas de uso de la maquinaria<\/strong><\/li>\n<li><strong>Las habilidades de hacer crema de la leche<\/strong><\/li>\n<li><strong>Las t\u00e9cnicas de vertido manual<\/strong><\/li>\n<\/ul>\n<p>En todos nuestros cursos, utilizamos tazas notNeutral y tenemos la opci\u00f3n de probar Oatly en lugar de leche normal.<\/p>\n<p>Para m\u00e1s informaci\u00f3n contacta con nosotros <span class=\"s1\"><b><\/b><a href=\"mailto:info@80plus.es\"><span class=\"s2\">info@80plus.es<\/span><\/a><b><br \/>\n<\/b><\/span><\/p>\n<p>&nbsp;<\/p>\n","protected":false},"featured_media":7811,"template":"","meta":{"_acf_changed":false},"product_brand":[],"product_cat":[143],"product_tag":[263,275],"country":[],"class_list":{"0":"post-7583","1":"product","2":"type-product","3":"status-publish","4":"has-post-thumbnail","6":"product_cat-formacion-es","7":"product_tag-coffee-es","8":"product_tag-espresso-es","9":"product_shipping_class-envio-gratis-para-cursos","10":"pa_persons-1-persona","11":"pa_persons-2-personas","13":"first","14":"instock","15":"sold-individually","16":"shipping-taxable","17":"purchasable","18":"product-type-variable","19":"has-default-attributes"},"acf":[],"yoast_head":"<!-- This site is optimized with the Yoast SEO plugin v27.4 - https:\/\/yoast.com\/product\/yoast-seo-wordpress\/ -->\n<title>Barista Basics Masterclass - 80plus<\/title>\n<meta name=\"description\" content=\"Masterclass Barista Basics en el coraz\u00f3n de Barcelona para baristas de casa o para aquellos que dan sus primeros pasos en el mundo del caf\u00e9 de especialidad.\" \/>\n<meta name=\"robots\" content=\"index, follow, max-snippet:-1, max-image-preview:large, max-video-preview:-1\" \/>\n<link rel=\"canonical\" href=\"https:\/\/80plus.es\/es\/producto\/barista-basics-masterclass\/\" \/>\n<meta property=\"og:locale\" content=\"es_ES\" \/>\n<meta property=\"og:type\" content=\"article\" \/>\n<meta property=\"og:title\" content=\"Barista Basics Masterclass - 80plus\" \/>\n<meta property=\"og:description\" content=\"Masterclass Barista Basics en el coraz\u00f3n de Barcelona para baristas de casa o para aquellos que dan sus primeros pasos en el mundo del caf\u00e9 de especialidad.\" \/>\n<meta property=\"og:url\" content=\"https:\/\/80plus.es\/es\/producto\/barista-basics-masterclass\/\" \/>\n<meta property=\"og:site_name\" content=\"80plus\" \/>\n<meta property=\"article:publisher\" content=\"https:\/\/www.facebook.com\/80plusspecialtycoffee\" \/>\n<meta property=\"article:modified_time\" content=\"2026-03-12T15:35:55+00:00\" \/>\n<meta property=\"og:image\" content=\"https:\/\/80plus.es\/wp-content\/uploads\/2023\/03\/lino_espresso_ls_4-2.jpg\" \/>\n\t<meta property=\"og:image:width\" content=\"560\" \/>\n\t<meta property=\"og:image:height\" content=\"560\" \/>\n\t<meta property=\"og:image:type\" content=\"image\/jpeg\" \/>\n<meta name=\"twitter:card\" content=\"summary_large_image\" \/>\n<script type=\"application\/ld+json\" class=\"yoast-schema-graph\">{\"@context\":\"https:\\\/\\\/schema.org\",\"@graph\":[{\"@type\":\"WebPage\",\"@id\":\"https:\\\/\\\/80plus.es\\\/es\\\/producto\\\/barista-basics-masterclass\\\/\",\"url\":\"https:\\\/\\\/80plus.es\\\/es\\\/producto\\\/barista-basics-masterclass\\\/\",\"name\":\"Barista Basics Masterclass - 80plus\",\"isPartOf\":{\"@id\":\"https:\\\/\\\/80plus.es\\\/#website\"},\"primaryImageOfPage\":{\"@id\":\"https:\\\/\\\/80plus.es\\\/es\\\/producto\\\/barista-basics-masterclass\\\/#primaryimage\"},\"image\":{\"@id\":\"https:\\\/\\\/80plus.es\\\/es\\\/producto\\\/barista-basics-masterclass\\\/#primaryimage\"},\"thumbnailUrl\":\"https:\\\/\\\/80plus.es\\\/wp-content\\\/uploads\\\/2023\\\/03\\\/lino_espresso_ls_4-2.jpg\",\"datePublished\":\"2023-03-09T15:20:40+00:00\",\"dateModified\":\"2026-03-12T15:35:55+00:00\",\"description\":\"Masterclass Barista Basics en el coraz\u00f3n de Barcelona para baristas de casa o para aquellos que dan sus primeros pasos en el mundo del caf\u00e9 de especialidad.\",\"breadcrumb\":{\"@id\":\"https:\\\/\\\/80plus.es\\\/es\\\/producto\\\/barista-basics-masterclass\\\/#breadcrumb\"},\"inLanguage\":\"es\",\"potentialAction\":[{\"@type\":\"ReadAction\",\"target\":[\"https:\\\/\\\/80plus.es\\\/es\\\/producto\\\/barista-basics-masterclass\\\/\"]}]},{\"@type\":\"ImageObject\",\"inLanguage\":\"es\",\"@id\":\"https:\\\/\\\/80plus.es\\\/es\\\/producto\\\/barista-basics-masterclass\\\/#primaryimage\",\"url\":\"https:\\\/\\\/80plus.es\\\/wp-content\\\/uploads\\\/2023\\\/03\\\/lino_espresso_ls_4-2.jpg\",\"contentUrl\":\"https:\\\/\\\/80plus.es\\\/wp-content\\\/uploads\\\/2023\\\/03\\\/lino_espresso_ls_4-2.jpg\",\"width\":560,\"height\":560,\"caption\":\"espresso NotNeutral cup\"},{\"@type\":\"BreadcrumbList\",\"@id\":\"https:\\\/\\\/80plus.es\\\/es\\\/producto\\\/barista-basics-masterclass\\\/#breadcrumb\",\"itemListElement\":[{\"@type\":\"ListItem\",\"position\":1,\"name\":\"Home\",\"item\":\"https:\\\/\\\/80plus.es\\\/es\\\/\"},{\"@type\":\"ListItem\",\"position\":2,\"name\":\"Shop\",\"item\":\"https:\\\/\\\/80plus.es\\\/es\\\/shop\\\/\"},{\"@type\":\"ListItem\",\"position\":3,\"name\":\"Barista Basics Masterclass\"}]},{\"@type\":\"WebSite\",\"@id\":\"https:\\\/\\\/80plus.es\\\/#website\",\"url\":\"https:\\\/\\\/80plus.es\\\/\",\"name\":\"80plus\",\"description\":\"Specialty Coffee\",\"publisher\":{\"@id\":\"https:\\\/\\\/80plus.es\\\/#organization\"},\"potentialAction\":[{\"@type\":\"SearchAction\",\"target\":{\"@type\":\"EntryPoint\",\"urlTemplate\":\"https:\\\/\\\/80plus.es\\\/?s={search_term_string}\"},\"query-input\":{\"@type\":\"PropertyValueSpecification\",\"valueRequired\":true,\"valueName\":\"search_term_string\"}}],\"inLanguage\":\"es\"},{\"@type\":\"Organization\",\"@id\":\"https:\\\/\\\/80plus.es\\\/#organization\",\"name\":\"80plus\",\"url\":\"https:\\\/\\\/80plus.es\\\/\",\"logo\":{\"@type\":\"ImageObject\",\"inLanguage\":\"es\",\"@id\":\"https:\\\/\\\/80plus.es\\\/#\\\/schema\\\/logo\\\/image\\\/\",\"url\":\"http:\\\/\\\/80plus.es\\\/wp-content\\\/uploads\\\/2020\\\/05\\\/Untitled-1-1.png\",\"contentUrl\":\"http:\\\/\\\/80plus.es\\\/wp-content\\\/uploads\\\/2020\\\/05\\\/Untitled-1-1.png\",\"width\":400,\"height\":140,\"caption\":\"80plus\"},\"image\":{\"@id\":\"https:\\\/\\\/80plus.es\\\/#\\\/schema\\\/logo\\\/image\\\/\"},\"sameAs\":[\"https:\\\/\\\/www.facebook.com\\\/80plusspecialtycoffee\",\"https:\\\/\\\/www.instagram.com\\\/80plus.coffee\\\/\",\"https:\\\/\\\/www.linkedin.com\\\/company\\\/80plus-specialty-coffee\"]}]}<\/script>\n<!-- \/ Yoast SEO plugin. -->","yoast_head_json":{"title":"Barista Basics Masterclass - 80plus","description":"Masterclass Barista Basics en el coraz\u00f3n de Barcelona para baristas de casa o para aquellos que dan sus primeros pasos en el mundo del caf\u00e9 de especialidad.","robots":{"index":"index","follow":"follow","max-snippet":"max-snippet:-1","max-image-preview":"max-image-preview:large","max-video-preview":"max-video-preview:-1"},"canonical":"https:\/\/80plus.es\/es\/producto\/barista-basics-masterclass\/","og_locale":"es_ES","og_type":"article","og_title":"Barista Basics Masterclass - 80plus","og_description":"Masterclass Barista Basics en el coraz\u00f3n de Barcelona para baristas de casa o para aquellos que dan sus primeros pasos en el mundo del caf\u00e9 de especialidad.","og_url":"https:\/\/80plus.es\/es\/producto\/barista-basics-masterclass\/","og_site_name":"80plus","article_publisher":"https:\/\/www.facebook.com\/80plusspecialtycoffee","article_modified_time":"2026-03-12T15:35:55+00:00","og_image":[{"width":560,"height":560,"url":"https:\/\/80plus.es\/wp-content\/uploads\/2023\/03\/lino_espresso_ls_4-2.jpg","type":"image\/jpeg"}],"twitter_card":"summary_large_image","schema":{"@context":"https:\/\/schema.org","@graph":[{"@type":"WebPage","@id":"https:\/\/80plus.es\/es\/producto\/barista-basics-masterclass\/","url":"https:\/\/80plus.es\/es\/producto\/barista-basics-masterclass\/","name":"Barista Basics Masterclass - 80plus","isPartOf":{"@id":"https:\/\/80plus.es\/#website"},"primaryImageOfPage":{"@id":"https:\/\/80plus.es\/es\/producto\/barista-basics-masterclass\/#primaryimage"},"image":{"@id":"https:\/\/80plus.es\/es\/producto\/barista-basics-masterclass\/#primaryimage"},"thumbnailUrl":"https:\/\/80plus.es\/wp-content\/uploads\/2023\/03\/lino_espresso_ls_4-2.jpg","datePublished":"2023-03-09T15:20:40+00:00","dateModified":"2026-03-12T15:35:55+00:00","description":"Masterclass Barista Basics en el coraz\u00f3n de Barcelona para baristas de casa o para aquellos que dan sus primeros pasos en el mundo del caf\u00e9 de especialidad.","breadcrumb":{"@id":"https:\/\/80plus.es\/es\/producto\/barista-basics-masterclass\/#breadcrumb"},"inLanguage":"es","potentialAction":[{"@type":"ReadAction","target":["https:\/\/80plus.es\/es\/producto\/barista-basics-masterclass\/"]}]},{"@type":"ImageObject","inLanguage":"es","@id":"https:\/\/80plus.es\/es\/producto\/barista-basics-masterclass\/#primaryimage","url":"https:\/\/80plus.es\/wp-content\/uploads\/2023\/03\/lino_espresso_ls_4-2.jpg","contentUrl":"https:\/\/80plus.es\/wp-content\/uploads\/2023\/03\/lino_espresso_ls_4-2.jpg","width":560,"height":560,"caption":"espresso NotNeutral cup"},{"@type":"BreadcrumbList","@id":"https:\/\/80plus.es\/es\/producto\/barista-basics-masterclass\/#breadcrumb","itemListElement":[{"@type":"ListItem","position":1,"name":"Home","item":"https:\/\/80plus.es\/es\/"},{"@type":"ListItem","position":2,"name":"Shop","item":"https:\/\/80plus.es\/es\/shop\/"},{"@type":"ListItem","position":3,"name":"Barista Basics Masterclass"}]},{"@type":"WebSite","@id":"https:\/\/80plus.es\/#website","url":"https:\/\/80plus.es\/","name":"80plus","description":"Specialty Coffee","publisher":{"@id":"https:\/\/80plus.es\/#organization"},"potentialAction":[{"@type":"SearchAction","target":{"@type":"EntryPoint","urlTemplate":"https:\/\/80plus.es\/?s={search_term_string}"},"query-input":{"@type":"PropertyValueSpecification","valueRequired":true,"valueName":"search_term_string"}}],"inLanguage":"es"},{"@type":"Organization","@id":"https:\/\/80plus.es\/#organization","name":"80plus","url":"https:\/\/80plus.es\/","logo":{"@type":"ImageObject","inLanguage":"es","@id":"https:\/\/80plus.es\/#\/schema\/logo\/image\/","url":"http:\/\/80plus.es\/wp-content\/uploads\/2020\/05\/Untitled-1-1.png","contentUrl":"http:\/\/80plus.es\/wp-content\/uploads\/2020\/05\/Untitled-1-1.png","width":400,"height":140,"caption":"80plus"},"image":{"@id":"https:\/\/80plus.es\/#\/schema\/logo\/image\/"},"sameAs":["https:\/\/www.facebook.com\/80plusspecialtycoffee","https:\/\/www.instagram.com\/80plus.coffee\/","https:\/\/www.linkedin.com\/company\/80plus-specialty-coffee"]}]}},"_links":{"self":[{"href":"https:\/\/80plus.es\/es\/wp-json\/wp\/v2\/product\/7583","targetHints":{"allow":["GET"]}}],"collection":[{"href":"https:\/\/80plus.es\/es\/wp-json\/wp\/v2\/product"}],"about":[{"href":"https:\/\/80plus.es\/es\/wp-json\/wp\/v2\/types\/product"}],"wp:featuredmedia":[{"embeddable":true,"href":"https:\/\/80plus.es\/es\/wp-json\/wp\/v2\/media\/7811"}],"wp:attachment":[{"href":"https:\/\/80plus.es\/es\/wp-json\/wp\/v2\/media?parent=7583"}],"wp:term":[{"taxonomy":"product_brand","embeddable":true,"href":"https:\/\/80plus.es\/es\/wp-json\/wp\/v2\/product_brand?post=7583"},{"taxonomy":"product_cat","embeddable":true,"href":"https:\/\/80plus.es\/es\/wp-json\/wp\/v2\/product_cat?post=7583"},{"taxonomy":"product_tag","embeddable":true,"href":"https:\/\/80plus.es\/es\/wp-json\/wp\/v2\/product_tag?post=7583"},{"taxonomy":"country","embeddable":true,"href":"https:\/\/80plus.es\/es\/wp-json\/wp\/v2\/country?post=7583"}],"curies":[{"name":"wp","href":"https:\/\/api.w.org\/{rel}","templated":true}]}}