{"id":8261,"date":"2023-10-11T14:50:16","date_gmt":"2023-10-11T14:50:16","guid":{"rendered":"http:\/\/80plus.es\/?post_type=product&#038;p=8261"},"modified":"2025-11-12T10:55:04","modified_gmt":"2025-11-12T10:55:04","slug":"notneutral-meno-double-cappuccino-white","status":"publish","type":"product","link":"https:\/\/80plus.es\/es\/producto\/notneutral-meno-double-cappuccino-white\/","title":{"rendered":"notNeutral Meno Double Cappuccino, White"},"content":{"rendered":"","protected":false},"excerpt":{"rendered":"<p class=\"p1\"><strong><span class=\"s1\">Volume:\u00a06 oz. (177 ml)<\/span><\/strong><\/p>\n<p>Sin asa, sin problema.<br \/>\nLas tazas Meno ofrecen una versi\u00f3n minimalista de nuestra forma m\u00e1s ic\u00f3nica. El cuenco mantiene el mismo perfil curvado que la taza Lino, lo que permite un vertido f\u00e1cil y una excelente retenci\u00f3n del calor, pero prescinde del asa. El resultado es una taza de alto rendimiento pensada para ser sostenida y abrazada con las manos.<\/p>\n","protected":false},"featured_media":8124,"template":"","meta":{"_acf_changed":false},"product_brand":[],"product_cat":[52,69],"product_tag":[259,261],"country":[],"class_list":{"0":"post-8261","1":"product","2":"type-product","3":"status-publish","4":"has-post-thumbnail","6":"product_cat-complementos","7":"product_cat-not-neutral-es","8":"product_tag-coffee-cups-es","9":"product_tag-notneutral-es","11":"first","12":"instock","13":"shipping-taxable","14":"purchasable","15":"product-type-simple"},"acf":[],"yoast_head":"<!-- This site is optimized with the Yoast SEO plugin v27.4 - https:\/\/yoast.com\/product\/yoast-seo-wordpress\/ -->\n<title>notNeutral Meno Double Cappuccino, White - 80plus<\/title>\n<meta name=\"robots\" content=\"index, follow, max-snippet:-1, max-image-preview:large, max-video-preview:-1\" \/>\n<link rel=\"canonical\" href=\"https:\/\/80plus.es\/product\/notneutral-meno-double-cappuccino-white\/\" \/>\n<meta property=\"og:locale\" content=\"es_ES\" \/>\n<meta property=\"og:type\" content=\"article\" \/>\n<meta property=\"og:title\" content=\"notNeutral Meno Double Cappuccino, White - 80plus\" \/>\n<meta property=\"og:description\" content=\"Volume:\u00a06 oz. (177 ml) Sin asa, sin problema. Las tazas Meno ofrecen una versi\u00f3n minimalista de nuestra forma m\u00e1s ic\u00f3nica. El cuenco mantiene el mismo perfil curvado que la taza Lino, lo que permite un vertido f\u00e1cil y una excelente retenci\u00f3n del calor, pero prescinde del asa. El resultado es una taza de alto rendimiento pensada para ser sostenida y abrazada con las manos.\" \/>\n<meta property=\"og:url\" content=\"https:\/\/80plus.es\/product\/notneutral-meno-double-cappuccino-white\/\" \/>\n<meta property=\"og:site_name\" content=\"80plus\" \/>\n<meta property=\"article:publisher\" content=\"https:\/\/www.facebook.com\/80plusspecialtycoffee\" \/>\n<meta property=\"article:modified_time\" content=\"2025-11-12T10:55:04+00:00\" \/>\n<meta property=\"og:image\" content=\"https:\/\/80plus.es\/wp-content\/uploads\/2023\/10\/Meno_Double-Capp_White.jpg\" \/>\n\t<meta property=\"og:image:width\" content=\"2560\" \/>\n\t<meta property=\"og:image:height\" content=\"1700\" \/>\n\t<meta property=\"og:image:type\" content=\"image\/jpeg\" \/>\n<meta name=\"twitter:card\" content=\"summary_large_image\" \/>\n<script type=\"application\/ld+json\" class=\"yoast-schema-graph\">{\"@context\":\"https:\\\/\\\/schema.org\",\"@graph\":[{\"@type\":\"WebPage\",\"@id\":\"https:\\\/\\\/80plus.es\\\/product\\\/notneutral-meno-double-cappuccino-white\\\/\",\"url\":\"https:\\\/\\\/80plus.es\\\/product\\\/notneutral-meno-double-cappuccino-white\\\/\",\"name\":\"notNeutral Meno Double Cappuccino, White - 80plus\",\"isPartOf\":{\"@id\":\"https:\\\/\\\/80plus.es\\\/#website\"},\"primaryImageOfPage\":{\"@id\":\"https:\\\/\\\/80plus.es\\\/product\\\/notneutral-meno-double-cappuccino-white\\\/#primaryimage\"},\"image\":{\"@id\":\"https:\\\/\\\/80plus.es\\\/product\\\/notneutral-meno-double-cappuccino-white\\\/#primaryimage\"},\"thumbnailUrl\":\"https:\\\/\\\/80plus.es\\\/wp-content\\\/uploads\\\/2023\\\/10\\\/Meno_Double-Capp_White.jpg\",\"datePublished\":\"2023-10-11T14:50:16+00:00\",\"dateModified\":\"2025-11-12T10:55:04+00:00\",\"breadcrumb\":{\"@id\":\"https:\\\/\\\/80plus.es\\\/product\\\/notneutral-meno-double-cappuccino-white\\\/#breadcrumb\"},\"inLanguage\":\"es\",\"potentialAction\":[{\"@type\":\"ReadAction\",\"target\":[\"https:\\\/\\\/80plus.es\\\/product\\\/notneutral-meno-double-cappuccino-white\\\/\"]}]},{\"@type\":\"ImageObject\",\"inLanguage\":\"es\",\"@id\":\"https:\\\/\\\/80plus.es\\\/product\\\/notneutral-meno-double-cappuccino-white\\\/#primaryimage\",\"url\":\"https:\\\/\\\/80plus.es\\\/wp-content\\\/uploads\\\/2023\\\/10\\\/Meno_Double-Capp_White.jpg\",\"contentUrl\":\"https:\\\/\\\/80plus.es\\\/wp-content\\\/uploads\\\/2023\\\/10\\\/Meno_Double-Capp_White.jpg\",\"width\":2560,\"height\":1700},{\"@type\":\"BreadcrumbList\",\"@id\":\"https:\\\/\\\/80plus.es\\\/product\\\/notneutral-meno-double-cappuccino-white\\\/#breadcrumb\",\"itemListElement\":[{\"@type\":\"ListItem\",\"position\":1,\"name\":\"Home\",\"item\":\"https:\\\/\\\/80plus.es\\\/es\\\/\"},{\"@type\":\"ListItem\",\"position\":2,\"name\":\"Shop\",\"item\":\"https:\\\/\\\/80plus.es\\\/es\\\/shop\\\/\"},{\"@type\":\"ListItem\",\"position\":3,\"name\":\"notNeutral Meno Double Cappuccino, White\"}]},{\"@type\":\"WebSite\",\"@id\":\"https:\\\/\\\/80plus.es\\\/#website\",\"url\":\"https:\\\/\\\/80plus.es\\\/\",\"name\":\"80plus\",\"description\":\"Specialty Coffee\",\"publisher\":{\"@id\":\"https:\\\/\\\/80plus.es\\\/#organization\"},\"potentialAction\":[{\"@type\":\"SearchAction\",\"target\":{\"@type\":\"EntryPoint\",\"urlTemplate\":\"https:\\\/\\\/80plus.es\\\/?s={search_term_string}\"},\"query-input\":{\"@type\":\"PropertyValueSpecification\",\"valueRequired\":true,\"valueName\":\"search_term_string\"}}],\"inLanguage\":\"es\"},{\"@type\":\"Organization\",\"@id\":\"https:\\\/\\\/80plus.es\\\/#organization\",\"name\":\"80plus\",\"url\":\"https:\\\/\\\/80plus.es\\\/\",\"logo\":{\"@type\":\"ImageObject\",\"inLanguage\":\"es\",\"@id\":\"https:\\\/\\\/80plus.es\\\/#\\\/schema\\\/logo\\\/image\\\/\",\"url\":\"http:\\\/\\\/80plus.es\\\/wp-content\\\/uploads\\\/2020\\\/05\\\/Untitled-1-1.png\",\"contentUrl\":\"http:\\\/\\\/80plus.es\\\/wp-content\\\/uploads\\\/2020\\\/05\\\/Untitled-1-1.png\",\"width\":400,\"height\":140,\"caption\":\"80plus\"},\"image\":{\"@id\":\"https:\\\/\\\/80plus.es\\\/#\\\/schema\\\/logo\\\/image\\\/\"},\"sameAs\":[\"https:\\\/\\\/www.facebook.com\\\/80plusspecialtycoffee\",\"https:\\\/\\\/www.instagram.com\\\/80plus.coffee\\\/\",\"https:\\\/\\\/www.linkedin.com\\\/company\\\/80plus-specialty-coffee\"]}]}<\/script>\n<!-- \/ Yoast SEO plugin. -->","yoast_head_json":{"title":"notNeutral Meno Double Cappuccino, White - 80plus","robots":{"index":"index","follow":"follow","max-snippet":"max-snippet:-1","max-image-preview":"max-image-preview:large","max-video-preview":"max-video-preview:-1"},"canonical":"https:\/\/80plus.es\/product\/notneutral-meno-double-cappuccino-white\/","og_locale":"es_ES","og_type":"article","og_title":"notNeutral Meno Double Cappuccino, White - 80plus","og_description":"Volume:\u00a06 oz. (177 ml) Sin asa, sin problema. Las tazas Meno ofrecen una versi\u00f3n minimalista de nuestra forma m\u00e1s ic\u00f3nica. El cuenco mantiene el mismo perfil curvado que la taza Lino, lo que permite un vertido f\u00e1cil y una excelente retenci\u00f3n del calor, pero prescinde del asa. El resultado es una taza de alto rendimiento pensada para ser sostenida y abrazada con las manos.","og_url":"https:\/\/80plus.es\/product\/notneutral-meno-double-cappuccino-white\/","og_site_name":"80plus","article_publisher":"https:\/\/www.facebook.com\/80plusspecialtycoffee","article_modified_time":"2025-11-12T10:55:04+00:00","og_image":[{"width":2560,"height":1700,"url":"https:\/\/80plus.es\/wp-content\/uploads\/2023\/10\/Meno_Double-Capp_White.jpg","type":"image\/jpeg"}],"twitter_card":"summary_large_image","schema":{"@context":"https:\/\/schema.org","@graph":[{"@type":"WebPage","@id":"https:\/\/80plus.es\/product\/notneutral-meno-double-cappuccino-white\/","url":"https:\/\/80plus.es\/product\/notneutral-meno-double-cappuccino-white\/","name":"notNeutral Meno Double Cappuccino, White - 80plus","isPartOf":{"@id":"https:\/\/80plus.es\/#website"},"primaryImageOfPage":{"@id":"https:\/\/80plus.es\/product\/notneutral-meno-double-cappuccino-white\/#primaryimage"},"image":{"@id":"https:\/\/80plus.es\/product\/notneutral-meno-double-cappuccino-white\/#primaryimage"},"thumbnailUrl":"https:\/\/80plus.es\/wp-content\/uploads\/2023\/10\/Meno_Double-Capp_White.jpg","datePublished":"2023-10-11T14:50:16+00:00","dateModified":"2025-11-12T10:55:04+00:00","breadcrumb":{"@id":"https:\/\/80plus.es\/product\/notneutral-meno-double-cappuccino-white\/#breadcrumb"},"inLanguage":"es","potentialAction":[{"@type":"ReadAction","target":["https:\/\/80plus.es\/product\/notneutral-meno-double-cappuccino-white\/"]}]},{"@type":"ImageObject","inLanguage":"es","@id":"https:\/\/80plus.es\/product\/notneutral-meno-double-cappuccino-white\/#primaryimage","url":"https:\/\/80plus.es\/wp-content\/uploads\/2023\/10\/Meno_Double-Capp_White.jpg","contentUrl":"https:\/\/80plus.es\/wp-content\/uploads\/2023\/10\/Meno_Double-Capp_White.jpg","width":2560,"height":1700},{"@type":"BreadcrumbList","@id":"https:\/\/80plus.es\/product\/notneutral-meno-double-cappuccino-white\/#breadcrumb","itemListElement":[{"@type":"ListItem","position":1,"name":"Home","item":"https:\/\/80plus.es\/es\/"},{"@type":"ListItem","position":2,"name":"Shop","item":"https:\/\/80plus.es\/es\/shop\/"},{"@type":"ListItem","position":3,"name":"notNeutral Meno Double Cappuccino, White"}]},{"@type":"WebSite","@id":"https:\/\/80plus.es\/#website","url":"https:\/\/80plus.es\/","name":"80plus","description":"Specialty Coffee","publisher":{"@id":"https:\/\/80plus.es\/#organization"},"potentialAction":[{"@type":"SearchAction","target":{"@type":"EntryPoint","urlTemplate":"https:\/\/80plus.es\/?s={search_term_string}"},"query-input":{"@type":"PropertyValueSpecification","valueRequired":true,"valueName":"search_term_string"}}],"inLanguage":"es"},{"@type":"Organization","@id":"https:\/\/80plus.es\/#organization","name":"80plus","url":"https:\/\/80plus.es\/","logo":{"@type":"ImageObject","inLanguage":"es","@id":"https:\/\/80plus.es\/#\/schema\/logo\/image\/","url":"http:\/\/80plus.es\/wp-content\/uploads\/2020\/05\/Untitled-1-1.png","contentUrl":"http:\/\/80plus.es\/wp-content\/uploads\/2020\/05\/Untitled-1-1.png","width":400,"height":140,"caption":"80plus"},"image":{"@id":"https:\/\/80plus.es\/#\/schema\/logo\/image\/"},"sameAs":["https:\/\/www.facebook.com\/80plusspecialtycoffee","https:\/\/www.instagram.com\/80plus.coffee\/","https:\/\/www.linkedin.com\/company\/80plus-specialty-coffee"]}]}},"_links":{"self":[{"href":"https:\/\/80plus.es\/es\/wp-json\/wp\/v2\/product\/8261","targetHints":{"allow":["GET"]}}],"collection":[{"href":"https:\/\/80plus.es\/es\/wp-json\/wp\/v2\/product"}],"about":[{"href":"https:\/\/80plus.es\/es\/wp-json\/wp\/v2\/types\/product"}],"wp:featuredmedia":[{"embeddable":true,"href":"https:\/\/80plus.es\/es\/wp-json\/wp\/v2\/media\/8124"}],"wp:attachment":[{"href":"https:\/\/80plus.es\/es\/wp-json\/wp\/v2\/media?parent=8261"}],"wp:term":[{"taxonomy":"product_brand","embeddable":true,"href":"https:\/\/80plus.es\/es\/wp-json\/wp\/v2\/product_brand?post=8261"},{"taxonomy":"product_cat","embeddable":true,"href":"https:\/\/80plus.es\/es\/wp-json\/wp\/v2\/product_cat?post=8261"},{"taxonomy":"product_tag","embeddable":true,"href":"https:\/\/80plus.es\/es\/wp-json\/wp\/v2\/product_tag?post=8261"},{"taxonomy":"country","embeddable":true,"href":"https:\/\/80plus.es\/es\/wp-json\/wp\/v2\/country?post=8261"}],"curies":[{"name":"wp","href":"https:\/\/api.w.org\/{rel}","templated":true}]}}