{"id":9145,"date":"2025-04-07T10:20:30","date_gmt":"2025-04-07T10:20:30","guid":{"rendered":"http:\/\/80plus.es\/?post_type=product&#038;p=9145"},"modified":"2025-08-25T12:54:51","modified_gmt":"2025-08-25T12:54:51","slug":"dos-lorenzos","status":"publish","type":"product","link":"https:\/\/80plus.es\/es\/producto\/dos-lorenzos\/","title":{"rendered":"Dos Lorenzos"},"content":{"rendered":"","protected":false},"excerpt":{"rendered":"<p>Los padres de Lorenzo Ram\u00f3n le ense\u00f1aron a trabajar desde muy joven y nunca le dieron la oportunidad de estudiar. Sin embargo, es muy emprendedor. Dado que el caf\u00e9 crece bien en su regi\u00f3n, Lorenzo decidi\u00f3 que era una buena apuesta para ganarse la vida. Para asegurar ingresos, tambi\u00e9n gestiona una ruta de \u00abautob\u00fas\u00bb a trav\u00e9s de una dif\u00edcil cordillera con un cami\u00f3n que compr\u00f3. Lorenzo vive con sus dos hijos adultos: Bielka Liseth (37) y Jos\u00e9 \u00c1ngel (25). Otro hijo, Lorenzo Antonio, junto con su esposa Marisela y Lorenzo Ram\u00f3n, producen este lote llamado \u00abDos Lorenzos.\u00bb<\/p>\n<p><strong>Detalles del microlote<\/strong><\/p>\n<ul class=\"our-coffees-specs-list\">\n<li><span class=\"our-coffees-specs-label\">Agricultores: <\/span><span class=\"our-coffees-specs-desc\">Lorenzo Ram\u00f3n, Lorenzo Antonio y Marisela Gonz\u00e1lez<\/span><\/li>\n<li><span class=\"our-coffees-specs-label\">Finca: <\/span><span class=\"our-coffees-specs-desc\">El Bejucal<\/span><\/li>\n<li><span class=\"our-coffees-specs-label\">Regi\u00f3n: <\/span><span class=\"our-coffees-specs-desc\">Jinotega, Nicaragua<\/span><\/li>\n<li><span class=\"our-coffees-specs-label\">Altitud: <\/span><span class=\"our-coffees-specs-desc\">1273 metros<\/span><\/li>\n<li><span class=\"our-coffees-specs-label\">Variedad: <\/span><span class=\"our-coffees-specs-desc\">Red Catuai<\/span><\/li>\n<li><span class=\"our-coffees-specs-label\">Proceso: <\/span><span class=\"our-coffees-specs-desc\">Lavado<\/span><\/li>\n<\/ul>\n<p><strong>Notas de cata<\/strong><\/p>\n<ul>\n<li>Durazno amarillo (Melocot\u00f3n)<\/li>\n<li>Uva blanca<\/li>\n<li>T\u00e9 Rooibos<\/li>\n<\/ul>\n<p>Lorenzo Ram\u00f3n dice que su objetivo es aumentar la producci\u00f3n de su finca y asegurar un futuro brillante para sus hijos.<\/p>\n","protected":false},"featured_media":9277,"template":"","meta":{"_acf_changed":false},"product_brand":[],"product_cat":[51,107,108],"product_tag":[],"country":[80],"class_list":{"0":"post-9145","1":"product","2":"type-product","3":"status-publish","4":"has-post-thumbnail","6":"product_cat-cafe","7":"product_cat-espresso-es","8":"product_cat-filter-es","9":"product_shipping_class-coffee-es","10":"country-nicaragua","12":"first","13":"instock","14":"shipping-taxable","15":"purchasable","16":"product-type-variable","17":"has-default-attributes"},"acf":[],"yoast_head":"<!-- This site is optimized with the Yoast SEO plugin v27.4 - https:\/\/yoast.com\/product\/yoast-seo-wordpress\/ -->\n<title>Dos Lorenzos - 80plus<\/title>\n<meta name=\"robots\" content=\"index, follow, max-snippet:-1, max-image-preview:large, max-video-preview:-1\" \/>\n<link rel=\"canonical\" href=\"https:\/\/80plus.es\/es\/producto\/dos-lorenzos\/\" \/>\n<meta property=\"og:locale\" content=\"es_ES\" \/>\n<meta property=\"og:type\" content=\"article\" \/>\n<meta property=\"og:title\" content=\"Dos Lorenzos - 80plus\" \/>\n<meta property=\"og:description\" content=\"Los padres de Lorenzo Ram\u00f3n le ense\u00f1aron a trabajar desde muy joven y nunca le dieron la oportunidad de estudiar. Sin embargo, es muy emprendedor. Dado que el caf\u00e9 crece bien en su regi\u00f3n, Lorenzo decidi\u00f3 que era una buena apuesta para ganarse la vida. Para asegurar ingresos, tambi\u00e9n gestiona una ruta de &quot;autob\u00fas&quot; a trav\u00e9s de una dif\u00edcil cordillera con un cami\u00f3n que compr\u00f3. Lorenzo vive con sus dos hijos adultos: Bielka Liseth (37) y Jos\u00e9 \u00c1ngel (25). Otro hijo, Lorenzo Antonio, junto con su esposa Marisela y Lorenzo Ram\u00f3n, producen este lote llamado &quot;Dos Lorenzos.&quot;  Detalles del microlote   Agricultores: Lorenzo Ram\u00f3n, Lorenzo Antonio y Marisela Gonz\u00e1lez  Finca: El Bejucal  Regi\u00f3n: Jinotega, Nicaragua  Altitud: 1273 metros  Variedad: Red Catuai  Proceso: Lavado  Notas de cata   Durazno amarillo (Melocot\u00f3n)  Uva blanca  T\u00e9 Rooibos  Lorenzo Ram\u00f3n dice que su objetivo es aumentar la producci\u00f3n de su finca y asegurar un futuro brillante para sus hijos.\" \/>\n<meta property=\"og:url\" content=\"https:\/\/80plus.es\/es\/producto\/dos-lorenzos\/\" \/>\n<meta property=\"og:site_name\" content=\"80plus\" \/>\n<meta property=\"article:publisher\" content=\"https:\/\/www.facebook.com\/80plusspecialtycoffee\" \/>\n<meta property=\"article:modified_time\" content=\"2025-08-25T12:54:51+00:00\" \/>\n<meta property=\"og:image\" content=\"https:\/\/80plus.es\/wp-content\/uploads\/2025\/04\/dos-lorenzos.jpg\" \/>\n\t<meta property=\"og:image:width\" content=\"1200\" \/>\n\t<meta property=\"og:image:height\" content=\"1200\" \/>\n\t<meta property=\"og:image:type\" content=\"image\/jpeg\" \/>\n<meta name=\"twitter:card\" content=\"summary_large_image\" \/>\n<script type=\"application\/ld+json\" class=\"yoast-schema-graph\">{\"@context\":\"https:\\\/\\\/schema.org\",\"@graph\":[{\"@type\":\"WebPage\",\"@id\":\"https:\\\/\\\/80plus.es\\\/es\\\/producto\\\/dos-lorenzos\\\/\",\"url\":\"https:\\\/\\\/80plus.es\\\/es\\\/producto\\\/dos-lorenzos\\\/\",\"name\":\"Dos Lorenzos - 80plus\",\"isPartOf\":{\"@id\":\"https:\\\/\\\/80plus.es\\\/#website\"},\"primaryImageOfPage\":{\"@id\":\"https:\\\/\\\/80plus.es\\\/es\\\/producto\\\/dos-lorenzos\\\/#primaryimage\"},\"image\":{\"@id\":\"https:\\\/\\\/80plus.es\\\/es\\\/producto\\\/dos-lorenzos\\\/#primaryimage\"},\"thumbnailUrl\":\"https:\\\/\\\/80plus.es\\\/wp-content\\\/uploads\\\/2025\\\/04\\\/dos-lorenzos.jpg\",\"datePublished\":\"2025-04-07T10:20:30+00:00\",\"dateModified\":\"2025-08-25T12:54:51+00:00\",\"breadcrumb\":{\"@id\":\"https:\\\/\\\/80plus.es\\\/es\\\/producto\\\/dos-lorenzos\\\/#breadcrumb\"},\"inLanguage\":\"es\",\"potentialAction\":[{\"@type\":\"ReadAction\",\"target\":[\"https:\\\/\\\/80plus.es\\\/es\\\/producto\\\/dos-lorenzos\\\/\"]}]},{\"@type\":\"ImageObject\",\"inLanguage\":\"es\",\"@id\":\"https:\\\/\\\/80plus.es\\\/es\\\/producto\\\/dos-lorenzos\\\/#primaryimage\",\"url\":\"https:\\\/\\\/80plus.es\\\/wp-content\\\/uploads\\\/2025\\\/04\\\/dos-lorenzos.jpg\",\"contentUrl\":\"https:\\\/\\\/80plus.es\\\/wp-content\\\/uploads\\\/2025\\\/04\\\/dos-lorenzos.jpg\",\"width\":1200,\"height\":1200},{\"@type\":\"BreadcrumbList\",\"@id\":\"https:\\\/\\\/80plus.es\\\/es\\\/producto\\\/dos-lorenzos\\\/#breadcrumb\",\"itemListElement\":[{\"@type\":\"ListItem\",\"position\":1,\"name\":\"Home\",\"item\":\"https:\\\/\\\/80plus.es\\\/es\\\/\"},{\"@type\":\"ListItem\",\"position\":2,\"name\":\"Shop\",\"item\":\"https:\\\/\\\/80plus.es\\\/es\\\/shop\\\/\"},{\"@type\":\"ListItem\",\"position\":3,\"name\":\"Dos Lorenzos\"}]},{\"@type\":\"WebSite\",\"@id\":\"https:\\\/\\\/80plus.es\\\/#website\",\"url\":\"https:\\\/\\\/80plus.es\\\/\",\"name\":\"80plus\",\"description\":\"Specialty Coffee\",\"publisher\":{\"@id\":\"https:\\\/\\\/80plus.es\\\/#organization\"},\"potentialAction\":[{\"@type\":\"SearchAction\",\"target\":{\"@type\":\"EntryPoint\",\"urlTemplate\":\"https:\\\/\\\/80plus.es\\\/?s={search_term_string}\"},\"query-input\":{\"@type\":\"PropertyValueSpecification\",\"valueRequired\":true,\"valueName\":\"search_term_string\"}}],\"inLanguage\":\"es\"},{\"@type\":\"Organization\",\"@id\":\"https:\\\/\\\/80plus.es\\\/#organization\",\"name\":\"80plus\",\"url\":\"https:\\\/\\\/80plus.es\\\/\",\"logo\":{\"@type\":\"ImageObject\",\"inLanguage\":\"es\",\"@id\":\"https:\\\/\\\/80plus.es\\\/#\\\/schema\\\/logo\\\/image\\\/\",\"url\":\"http:\\\/\\\/80plus.es\\\/wp-content\\\/uploads\\\/2020\\\/05\\\/Untitled-1-1.png\",\"contentUrl\":\"http:\\\/\\\/80plus.es\\\/wp-content\\\/uploads\\\/2020\\\/05\\\/Untitled-1-1.png\",\"width\":400,\"height\":140,\"caption\":\"80plus\"},\"image\":{\"@id\":\"https:\\\/\\\/80plus.es\\\/#\\\/schema\\\/logo\\\/image\\\/\"},\"sameAs\":[\"https:\\\/\\\/www.facebook.com\\\/80plusspecialtycoffee\",\"https:\\\/\\\/www.instagram.com\\\/80plus.coffee\\\/\",\"https:\\\/\\\/www.linkedin.com\\\/company\\\/80plus-specialty-coffee\"]}]}<\/script>\n<!-- \/ Yoast SEO plugin. -->","yoast_head_json":{"title":"Dos Lorenzos - 80plus","robots":{"index":"index","follow":"follow","max-snippet":"max-snippet:-1","max-image-preview":"max-image-preview:large","max-video-preview":"max-video-preview:-1"},"canonical":"https:\/\/80plus.es\/es\/producto\/dos-lorenzos\/","og_locale":"es_ES","og_type":"article","og_title":"Dos Lorenzos - 80plus","og_description":"Los padres de Lorenzo Ram\u00f3n le ense\u00f1aron a trabajar desde muy joven y nunca le dieron la oportunidad de estudiar. Sin embargo, es muy emprendedor. Dado que el caf\u00e9 crece bien en su regi\u00f3n, Lorenzo decidi\u00f3 que era una buena apuesta para ganarse la vida. Para asegurar ingresos, tambi\u00e9n gestiona una ruta de \"autob\u00fas\" a trav\u00e9s de una dif\u00edcil cordillera con un cami\u00f3n que compr\u00f3. Lorenzo vive con sus dos hijos adultos: Bielka Liseth (37) y Jos\u00e9 \u00c1ngel (25). Otro hijo, Lorenzo Antonio, junto con su esposa Marisela y Lorenzo Ram\u00f3n, producen este lote llamado \"Dos Lorenzos.\"  Detalles del microlote   Agricultores: Lorenzo Ram\u00f3n, Lorenzo Antonio y Marisela Gonz\u00e1lez  Finca: El Bejucal  Regi\u00f3n: Jinotega, Nicaragua  Altitud: 1273 metros  Variedad: Red Catuai  Proceso: Lavado  Notas de cata   Durazno amarillo (Melocot\u00f3n)  Uva blanca  T\u00e9 Rooibos  Lorenzo Ram\u00f3n dice que su objetivo es aumentar la producci\u00f3n de su finca y asegurar un futuro brillante para sus hijos.","og_url":"https:\/\/80plus.es\/es\/producto\/dos-lorenzos\/","og_site_name":"80plus","article_publisher":"https:\/\/www.facebook.com\/80plusspecialtycoffee","article_modified_time":"2025-08-25T12:54:51+00:00","og_image":[{"width":1200,"height":1200,"url":"https:\/\/80plus.es\/wp-content\/uploads\/2025\/04\/dos-lorenzos.jpg","type":"image\/jpeg"}],"twitter_card":"summary_large_image","schema":{"@context":"https:\/\/schema.org","@graph":[{"@type":"WebPage","@id":"https:\/\/80plus.es\/es\/producto\/dos-lorenzos\/","url":"https:\/\/80plus.es\/es\/producto\/dos-lorenzos\/","name":"Dos Lorenzos - 80plus","isPartOf":{"@id":"https:\/\/80plus.es\/#website"},"primaryImageOfPage":{"@id":"https:\/\/80plus.es\/es\/producto\/dos-lorenzos\/#primaryimage"},"image":{"@id":"https:\/\/80plus.es\/es\/producto\/dos-lorenzos\/#primaryimage"},"thumbnailUrl":"https:\/\/80plus.es\/wp-content\/uploads\/2025\/04\/dos-lorenzos.jpg","datePublished":"2025-04-07T10:20:30+00:00","dateModified":"2025-08-25T12:54:51+00:00","breadcrumb":{"@id":"https:\/\/80plus.es\/es\/producto\/dos-lorenzos\/#breadcrumb"},"inLanguage":"es","potentialAction":[{"@type":"ReadAction","target":["https:\/\/80plus.es\/es\/producto\/dos-lorenzos\/"]}]},{"@type":"ImageObject","inLanguage":"es","@id":"https:\/\/80plus.es\/es\/producto\/dos-lorenzos\/#primaryimage","url":"https:\/\/80plus.es\/wp-content\/uploads\/2025\/04\/dos-lorenzos.jpg","contentUrl":"https:\/\/80plus.es\/wp-content\/uploads\/2025\/04\/dos-lorenzos.jpg","width":1200,"height":1200},{"@type":"BreadcrumbList","@id":"https:\/\/80plus.es\/es\/producto\/dos-lorenzos\/#breadcrumb","itemListElement":[{"@type":"ListItem","position":1,"name":"Home","item":"https:\/\/80plus.es\/es\/"},{"@type":"ListItem","position":2,"name":"Shop","item":"https:\/\/80plus.es\/es\/shop\/"},{"@type":"ListItem","position":3,"name":"Dos Lorenzos"}]},{"@type":"WebSite","@id":"https:\/\/80plus.es\/#website","url":"https:\/\/80plus.es\/","name":"80plus","description":"Specialty Coffee","publisher":{"@id":"https:\/\/80plus.es\/#organization"},"potentialAction":[{"@type":"SearchAction","target":{"@type":"EntryPoint","urlTemplate":"https:\/\/80plus.es\/?s={search_term_string}"},"query-input":{"@type":"PropertyValueSpecification","valueRequired":true,"valueName":"search_term_string"}}],"inLanguage":"es"},{"@type":"Organization","@id":"https:\/\/80plus.es\/#organization","name":"80plus","url":"https:\/\/80plus.es\/","logo":{"@type":"ImageObject","inLanguage":"es","@id":"https:\/\/80plus.es\/#\/schema\/logo\/image\/","url":"http:\/\/80plus.es\/wp-content\/uploads\/2020\/05\/Untitled-1-1.png","contentUrl":"http:\/\/80plus.es\/wp-content\/uploads\/2020\/05\/Untitled-1-1.png","width":400,"height":140,"caption":"80plus"},"image":{"@id":"https:\/\/80plus.es\/#\/schema\/logo\/image\/"},"sameAs":["https:\/\/www.facebook.com\/80plusspecialtycoffee","https:\/\/www.instagram.com\/80plus.coffee\/","https:\/\/www.linkedin.com\/company\/80plus-specialty-coffee"]}]}},"_links":{"self":[{"href":"https:\/\/80plus.es\/es\/wp-json\/wp\/v2\/product\/9145","targetHints":{"allow":["GET"]}}],"collection":[{"href":"https:\/\/80plus.es\/es\/wp-json\/wp\/v2\/product"}],"about":[{"href":"https:\/\/80plus.es\/es\/wp-json\/wp\/v2\/types\/product"}],"wp:featuredmedia":[{"embeddable":true,"href":"https:\/\/80plus.es\/es\/wp-json\/wp\/v2\/media\/9277"}],"wp:attachment":[{"href":"https:\/\/80plus.es\/es\/wp-json\/wp\/v2\/media?parent=9145"}],"wp:term":[{"taxonomy":"product_brand","embeddable":true,"href":"https:\/\/80plus.es\/es\/wp-json\/wp\/v2\/product_brand?post=9145"},{"taxonomy":"product_cat","embeddable":true,"href":"https:\/\/80plus.es\/es\/wp-json\/wp\/v2\/product_cat?post=9145"},{"taxonomy":"product_tag","embeddable":true,"href":"https:\/\/80plus.es\/es\/wp-json\/wp\/v2\/product_tag?post=9145"},{"taxonomy":"country","embeddable":true,"href":"https:\/\/80plus.es\/es\/wp-json\/wp\/v2\/country?post=9145"}],"curies":[{"name":"wp","href":"https:\/\/api.w.org\/{rel}","templated":true}]}}