{"id":9202,"date":"2023-10-10T14:46:18","date_gmt":"2023-10-10T14:46:18","guid":{"rendered":"http:\/\/80plus.es\/?post_type=product&#038;p=9202"},"modified":"2025-11-20T14:25:32","modified_gmt":"2025-11-20T14:25:32","slug":"not-neutral-vero-cappuccino-glass-smoke","status":"publish","type":"product","link":"https:\/\/80plus.es\/es\/producto\/not-neutral-vero-cappuccino-glass-smoke\/","title":{"rendered":"Not neutral Vero cappuccino glass. Smoke"},"content":{"rendered":"","protected":false},"excerpt":{"rendered":"<p class=\"p1\"><strong><span class=\"s1\">Volume: 6 oz. (177 ml)<\/span><\/strong><\/p>\n<p>Los vasos de caf\u00e9 notNeutral de la ic\u00f3nica marca de cer\u00e1mica de caf\u00e9 son una adici\u00f3n incre\u00edble a tus recipientes de servicio de caf\u00e9.<br \/>\nHecho en los EE. UU., la base de vidrio ofrece un peso considerable y las facetas brindan una sujeci\u00f3n firme y agradable. Los vasos ofrecen el mismo interior curvo galardonado que la l\u00ednea Lino, que los baristas conocen y aman.<\/p>\n","protected":false},"featured_media":8087,"template":"","meta":{"_acf_changed":false},"product_brand":[],"product_cat":[52,69],"product_tag":[259,260,261],"country":[],"class_list":{"0":"post-9202","1":"product","2":"type-product","3":"status-publish","4":"has-post-thumbnail","6":"product_cat-complementos","7":"product_cat-not-neutral-es","8":"product_tag-coffee-cups-es","9":"product_tag-glass-es","10":"product_tag-notneutral-es","12":"first","13":"instock","14":"shipping-taxable","15":"purchasable","16":"product-type-simple"},"acf":[],"yoast_head":"<!-- This site is optimized with the Yoast SEO plugin v27.4 - https:\/\/yoast.com\/product\/yoast-seo-wordpress\/ -->\n<title>Not neutral Vero cappuccino glass. Smoke - 80plus<\/title>\n<meta name=\"robots\" content=\"index, follow, max-snippet:-1, max-image-preview:large, max-video-preview:-1\" \/>\n<link rel=\"canonical\" href=\"https:\/\/80plus.es\/product\/not-neutral-vero-cappuccino-glass-smoke\/\" \/>\n<meta property=\"og:locale\" content=\"es_ES\" \/>\n<meta property=\"og:type\" content=\"article\" \/>\n<meta property=\"og:title\" content=\"Not neutral Vero cappuccino glass. Smoke - 80plus\" \/>\n<meta property=\"og:description\" content=\"Volume: 6 oz. (177 ml) Los vasos de caf\u00e9 notNeutral de la ic\u00f3nica marca de cer\u00e1mica de caf\u00e9 son una adici\u00f3n incre\u00edble a tus recipientes de servicio de caf\u00e9. Hecho en los EE. UU., la base de vidrio ofrece un peso considerable y las facetas brindan una sujeci\u00f3n firme y agradable. Los vasos ofrecen el mismo interior curvo galardonado que la l\u00ednea Lino, que los baristas conocen y aman.\" \/>\n<meta property=\"og:url\" content=\"https:\/\/80plus.es\/product\/not-neutral-vero-cappuccino-glass-smoke\/\" \/>\n<meta property=\"og:site_name\" content=\"80plus\" \/>\n<meta property=\"article:publisher\" content=\"https:\/\/www.facebook.com\/80plusspecialtycoffee\" \/>\n<meta property=\"article:modified_time\" content=\"2025-11-20T14:25:32+00:00\" \/>\n<meta property=\"og:image\" content=\"https:\/\/80plus.es\/wp-content\/uploads\/2023\/10\/VERO_Cappuccino_Smoke_1080.jpg\" \/>\n\t<meta property=\"og:image:width\" content=\"1080\" \/>\n\t<meta property=\"og:image:height\" content=\"1080\" \/>\n\t<meta property=\"og:image:type\" content=\"image\/jpeg\" \/>\n<meta name=\"twitter:card\" content=\"summary_large_image\" \/>\n<script type=\"application\/ld+json\" class=\"yoast-schema-graph\">{\"@context\":\"https:\\\/\\\/schema.org\",\"@graph\":[{\"@type\":\"WebPage\",\"@id\":\"https:\\\/\\\/80plus.es\\\/product\\\/not-neutral-vero-cappuccino-glass-smoke\\\/\",\"url\":\"https:\\\/\\\/80plus.es\\\/product\\\/not-neutral-vero-cappuccino-glass-smoke\\\/\",\"name\":\"Not neutral Vero cappuccino glass. Smoke - 80plus\",\"isPartOf\":{\"@id\":\"https:\\\/\\\/80plus.es\\\/#website\"},\"primaryImageOfPage\":{\"@id\":\"https:\\\/\\\/80plus.es\\\/product\\\/not-neutral-vero-cappuccino-glass-smoke\\\/#primaryimage\"},\"image\":{\"@id\":\"https:\\\/\\\/80plus.es\\\/product\\\/not-neutral-vero-cappuccino-glass-smoke\\\/#primaryimage\"},\"thumbnailUrl\":\"https:\\\/\\\/80plus.es\\\/wp-content\\\/uploads\\\/2023\\\/10\\\/VERO_Cappuccino_Smoke_1080.jpg\",\"datePublished\":\"2023-10-10T14:46:18+00:00\",\"dateModified\":\"2025-11-20T14:25:32+00:00\",\"breadcrumb\":{\"@id\":\"https:\\\/\\\/80plus.es\\\/product\\\/not-neutral-vero-cappuccino-glass-smoke\\\/#breadcrumb\"},\"inLanguage\":\"es\",\"potentialAction\":[{\"@type\":\"ReadAction\",\"target\":[\"https:\\\/\\\/80plus.es\\\/product\\\/not-neutral-vero-cappuccino-glass-smoke\\\/\"]}]},{\"@type\":\"ImageObject\",\"inLanguage\":\"es\",\"@id\":\"https:\\\/\\\/80plus.es\\\/product\\\/not-neutral-vero-cappuccino-glass-smoke\\\/#primaryimage\",\"url\":\"https:\\\/\\\/80plus.es\\\/wp-content\\\/uploads\\\/2023\\\/10\\\/VERO_Cappuccino_Smoke_1080.jpg\",\"contentUrl\":\"https:\\\/\\\/80plus.es\\\/wp-content\\\/uploads\\\/2023\\\/10\\\/VERO_Cappuccino_Smoke_1080.jpg\",\"width\":1080,\"height\":1080,\"caption\":\"cappuccino notNeutral glass vero\"},{\"@type\":\"BreadcrumbList\",\"@id\":\"https:\\\/\\\/80plus.es\\\/product\\\/not-neutral-vero-cappuccino-glass-smoke\\\/#breadcrumb\",\"itemListElement\":[{\"@type\":\"ListItem\",\"position\":1,\"name\":\"Home\",\"item\":\"https:\\\/\\\/80plus.es\\\/es\\\/\"},{\"@type\":\"ListItem\",\"position\":2,\"name\":\"Shop\",\"item\":\"https:\\\/\\\/80plus.es\\\/es\\\/shop\\\/\"},{\"@type\":\"ListItem\",\"position\":3,\"name\":\"Not neutral Vero cappuccino glass. Smoke\"}]},{\"@type\":\"WebSite\",\"@id\":\"https:\\\/\\\/80plus.es\\\/#website\",\"url\":\"https:\\\/\\\/80plus.es\\\/\",\"name\":\"80plus\",\"description\":\"Specialty Coffee\",\"publisher\":{\"@id\":\"https:\\\/\\\/80plus.es\\\/#organization\"},\"potentialAction\":[{\"@type\":\"SearchAction\",\"target\":{\"@type\":\"EntryPoint\",\"urlTemplate\":\"https:\\\/\\\/80plus.es\\\/?s={search_term_string}\"},\"query-input\":{\"@type\":\"PropertyValueSpecification\",\"valueRequired\":true,\"valueName\":\"search_term_string\"}}],\"inLanguage\":\"es\"},{\"@type\":\"Organization\",\"@id\":\"https:\\\/\\\/80plus.es\\\/#organization\",\"name\":\"80plus\",\"url\":\"https:\\\/\\\/80plus.es\\\/\",\"logo\":{\"@type\":\"ImageObject\",\"inLanguage\":\"es\",\"@id\":\"https:\\\/\\\/80plus.es\\\/#\\\/schema\\\/logo\\\/image\\\/\",\"url\":\"http:\\\/\\\/80plus.es\\\/wp-content\\\/uploads\\\/2020\\\/05\\\/Untitled-1-1.png\",\"contentUrl\":\"http:\\\/\\\/80plus.es\\\/wp-content\\\/uploads\\\/2020\\\/05\\\/Untitled-1-1.png\",\"width\":400,\"height\":140,\"caption\":\"80plus\"},\"image\":{\"@id\":\"https:\\\/\\\/80plus.es\\\/#\\\/schema\\\/logo\\\/image\\\/\"},\"sameAs\":[\"https:\\\/\\\/www.facebook.com\\\/80plusspecialtycoffee\",\"https:\\\/\\\/www.instagram.com\\\/80plus.coffee\\\/\",\"https:\\\/\\\/www.linkedin.com\\\/company\\\/80plus-specialty-coffee\"]}]}<\/script>\n<!-- \/ Yoast SEO plugin. -->","yoast_head_json":{"title":"Not neutral Vero cappuccino glass. Smoke - 80plus","robots":{"index":"index","follow":"follow","max-snippet":"max-snippet:-1","max-image-preview":"max-image-preview:large","max-video-preview":"max-video-preview:-1"},"canonical":"https:\/\/80plus.es\/product\/not-neutral-vero-cappuccino-glass-smoke\/","og_locale":"es_ES","og_type":"article","og_title":"Not neutral Vero cappuccino glass. Smoke - 80plus","og_description":"Volume: 6 oz. (177 ml) Los vasos de caf\u00e9 notNeutral de la ic\u00f3nica marca de cer\u00e1mica de caf\u00e9 son una adici\u00f3n incre\u00edble a tus recipientes de servicio de caf\u00e9. Hecho en los EE. UU., la base de vidrio ofrece un peso considerable y las facetas brindan una sujeci\u00f3n firme y agradable. Los vasos ofrecen el mismo interior curvo galardonado que la l\u00ednea Lino, que los baristas conocen y aman.","og_url":"https:\/\/80plus.es\/product\/not-neutral-vero-cappuccino-glass-smoke\/","og_site_name":"80plus","article_publisher":"https:\/\/www.facebook.com\/80plusspecialtycoffee","article_modified_time":"2025-11-20T14:25:32+00:00","og_image":[{"width":1080,"height":1080,"url":"https:\/\/80plus.es\/wp-content\/uploads\/2023\/10\/VERO_Cappuccino_Smoke_1080.jpg","type":"image\/jpeg"}],"twitter_card":"summary_large_image","schema":{"@context":"https:\/\/schema.org","@graph":[{"@type":"WebPage","@id":"https:\/\/80plus.es\/product\/not-neutral-vero-cappuccino-glass-smoke\/","url":"https:\/\/80plus.es\/product\/not-neutral-vero-cappuccino-glass-smoke\/","name":"Not neutral Vero cappuccino glass. Smoke - 80plus","isPartOf":{"@id":"https:\/\/80plus.es\/#website"},"primaryImageOfPage":{"@id":"https:\/\/80plus.es\/product\/not-neutral-vero-cappuccino-glass-smoke\/#primaryimage"},"image":{"@id":"https:\/\/80plus.es\/product\/not-neutral-vero-cappuccino-glass-smoke\/#primaryimage"},"thumbnailUrl":"https:\/\/80plus.es\/wp-content\/uploads\/2023\/10\/VERO_Cappuccino_Smoke_1080.jpg","datePublished":"2023-10-10T14:46:18+00:00","dateModified":"2025-11-20T14:25:32+00:00","breadcrumb":{"@id":"https:\/\/80plus.es\/product\/not-neutral-vero-cappuccino-glass-smoke\/#breadcrumb"},"inLanguage":"es","potentialAction":[{"@type":"ReadAction","target":["https:\/\/80plus.es\/product\/not-neutral-vero-cappuccino-glass-smoke\/"]}]},{"@type":"ImageObject","inLanguage":"es","@id":"https:\/\/80plus.es\/product\/not-neutral-vero-cappuccino-glass-smoke\/#primaryimage","url":"https:\/\/80plus.es\/wp-content\/uploads\/2023\/10\/VERO_Cappuccino_Smoke_1080.jpg","contentUrl":"https:\/\/80plus.es\/wp-content\/uploads\/2023\/10\/VERO_Cappuccino_Smoke_1080.jpg","width":1080,"height":1080,"caption":"cappuccino notNeutral glass vero"},{"@type":"BreadcrumbList","@id":"https:\/\/80plus.es\/product\/not-neutral-vero-cappuccino-glass-smoke\/#breadcrumb","itemListElement":[{"@type":"ListItem","position":1,"name":"Home","item":"https:\/\/80plus.es\/es\/"},{"@type":"ListItem","position":2,"name":"Shop","item":"https:\/\/80plus.es\/es\/shop\/"},{"@type":"ListItem","position":3,"name":"Not neutral Vero cappuccino glass. Smoke"}]},{"@type":"WebSite","@id":"https:\/\/80plus.es\/#website","url":"https:\/\/80plus.es\/","name":"80plus","description":"Specialty Coffee","publisher":{"@id":"https:\/\/80plus.es\/#organization"},"potentialAction":[{"@type":"SearchAction","target":{"@type":"EntryPoint","urlTemplate":"https:\/\/80plus.es\/?s={search_term_string}"},"query-input":{"@type":"PropertyValueSpecification","valueRequired":true,"valueName":"search_term_string"}}],"inLanguage":"es"},{"@type":"Organization","@id":"https:\/\/80plus.es\/#organization","name":"80plus","url":"https:\/\/80plus.es\/","logo":{"@type":"ImageObject","inLanguage":"es","@id":"https:\/\/80plus.es\/#\/schema\/logo\/image\/","url":"http:\/\/80plus.es\/wp-content\/uploads\/2020\/05\/Untitled-1-1.png","contentUrl":"http:\/\/80plus.es\/wp-content\/uploads\/2020\/05\/Untitled-1-1.png","width":400,"height":140,"caption":"80plus"},"image":{"@id":"https:\/\/80plus.es\/#\/schema\/logo\/image\/"},"sameAs":["https:\/\/www.facebook.com\/80plusspecialtycoffee","https:\/\/www.instagram.com\/80plus.coffee\/","https:\/\/www.linkedin.com\/company\/80plus-specialty-coffee"]}]}},"_links":{"self":[{"href":"https:\/\/80plus.es\/es\/wp-json\/wp\/v2\/product\/9202","targetHints":{"allow":["GET"]}}],"collection":[{"href":"https:\/\/80plus.es\/es\/wp-json\/wp\/v2\/product"}],"about":[{"href":"https:\/\/80plus.es\/es\/wp-json\/wp\/v2\/types\/product"}],"wp:featuredmedia":[{"embeddable":true,"href":"https:\/\/80plus.es\/es\/wp-json\/wp\/v2\/media\/8087"}],"wp:attachment":[{"href":"https:\/\/80plus.es\/es\/wp-json\/wp\/v2\/media?parent=9202"}],"wp:term":[{"taxonomy":"product_brand","embeddable":true,"href":"https:\/\/80plus.es\/es\/wp-json\/wp\/v2\/product_brand?post=9202"},{"taxonomy":"product_cat","embeddable":true,"href":"https:\/\/80plus.es\/es\/wp-json\/wp\/v2\/product_cat?post=9202"},{"taxonomy":"product_tag","embeddable":true,"href":"https:\/\/80plus.es\/es\/wp-json\/wp\/v2\/product_tag?post=9202"},{"taxonomy":"country","embeddable":true,"href":"https:\/\/80plus.es\/es\/wp-json\/wp\/v2\/country?post=9202"}],"curies":[{"name":"wp","href":"https:\/\/api.w.org\/{rel}","templated":true}]}}