{"id":9291,"date":"2025-05-08T11:41:20","date_gmt":"2025-05-08T11:41:20","guid":{"rendered":"http:\/\/80plus.es\/?post_type=product&#038;p=9291"},"modified":"2025-08-26T07:07:19","modified_gmt":"2025-08-26T07:07:19","slug":"el-salvador","status":"publish","type":"product","link":"https:\/\/80plus.es\/es\/producto\/el-salvador\/","title":{"rendered":"EL SALVADOR"},"content":{"rendered":"","protected":false},"excerpt":{"rendered":"<p><em>Terroir:<\/em>\u00a0Chalatenango, Alotepac-Metapan, 1500-1600 m.s.n.m.<br \/>\n<em>Fincas:<\/em>\u00a0Machuca, La Hondurita &amp; San Andres<br \/>\n<em>Beneficio:<\/em>\u00a0Caf\u00e9 Norte<br \/>\n<em>Varietal:<\/em>\u00a0Pacas<br \/>\n<em>Proceso:<\/em>\u00a0Honey<br \/>\n<em>Notas:<\/em>\u00a0Caramelo de frutas, fudge de chocolate, avena<br \/>\nCaf\u00e9 Norte es un micro-beneficio dedicado al procesado de caf\u00e9s de alta gama en el norte de El Salvador. Este lote proviene de 3 fincas en Chalatenango: Fincas Machuca y La Hondurita, propiedad de los hermanos D\u00edaz, y Finca San Andr\u00e9s, propiedad de Fredy Recinos. Aunque la producci\u00f3n de caf\u00e9 en estas monta\u00f1as es relativamente nueva, el microclima y el terreno monta\u00f1oso son ideales para producir ar\u00e1bicas de calidad. Este lote de proceso honey fue secado lentamente en camas africanas durante 30-38 d\u00edas.<\/p>\n","protected":false},"featured_media":9290,"template":"","meta":{"_acf_changed":false},"product_brand":[],"product_cat":[51,107],"product_tag":[275],"country":[287],"class_list":{"0":"post-9291","1":"product","2":"type-product","3":"status-publish","4":"has-post-thumbnail","6":"product_cat-cafe","7":"product_cat-espresso-es","8":"product_tag-espresso-es","9":"product_shipping_class-coffee-es","10":"country-chalatenango","12":"first","13":"outofstock","14":"shipping-taxable","15":"purchasable","16":"product-type-variable","17":"has-default-attributes"},"acf":[],"yoast_head":"<!-- This site is optimized with the Yoast SEO plugin v27.4 - https:\/\/yoast.com\/product\/yoast-seo-wordpress\/ -->\n<title>EL SALVADOR - 80plus<\/title>\n<meta name=\"robots\" content=\"index, follow, max-snippet:-1, max-image-preview:large, max-video-preview:-1\" \/>\n<link rel=\"canonical\" href=\"https:\/\/80plus.es\/product\/el-salvador\/\" \/>\n<meta property=\"og:locale\" content=\"es_ES\" \/>\n<meta property=\"og:type\" content=\"article\" \/>\n<meta property=\"og:title\" content=\"EL SALVADOR - 80plus\" \/>\n<meta property=\"og:description\" content=\"Terroir:\u00a0Chalatenango, Alotepac-Metapan, 1500-1600 m.s.n.m. Fincas:\u00a0Machuca, La Hondurita &amp; San Andres Beneficio:\u00a0Caf\u00e9 Norte Varietal:\u00a0Pacas Proceso:\u00a0Honey Notas:\u00a0Caramelo de frutas, fudge de chocolate, avena Caf\u00e9 Norte es un micro-beneficio dedicado al procesado de caf\u00e9s de alta gama en el norte de El Salvador. Este lote proviene de 3 fincas en Chalatenango: Fincas Machuca y La Hondurita, propiedad de los hermanos D\u00edaz, y Finca San Andr\u00e9s, propiedad de Fredy Recinos. Aunque la producci\u00f3n de caf\u00e9 en estas monta\u00f1as es relativamente nueva, el microclima y el terreno monta\u00f1oso son ideales para producir ar\u00e1bicas de calidad. Este lote de proceso honey fue secado lentamente en camas africanas durante 30-38 d\u00edas.\" \/>\n<meta property=\"og:url\" content=\"https:\/\/80plus.es\/product\/el-salvador\/\" \/>\n<meta property=\"og:site_name\" content=\"80plus\" \/>\n<meta property=\"article:publisher\" content=\"https:\/\/www.facebook.com\/80plusspecialtycoffee\" \/>\n<meta property=\"article:modified_time\" content=\"2025-08-26T07:07:19+00:00\" \/>\n<meta property=\"og:image\" content=\"https:\/\/80plus.es\/wp-content\/uploads\/2025\/05\/el-salvador-2.jpg\" \/>\n\t<meta property=\"og:image:width\" content=\"1200\" \/>\n\t<meta property=\"og:image:height\" content=\"1200\" \/>\n\t<meta property=\"og:image:type\" content=\"image\/jpeg\" \/>\n<meta name=\"twitter:card\" content=\"summary_large_image\" \/>\n<script type=\"application\/ld+json\" class=\"yoast-schema-graph\">{\"@context\":\"https:\\\/\\\/schema.org\",\"@graph\":[{\"@type\":\"WebPage\",\"@id\":\"https:\\\/\\\/80plus.es\\\/product\\\/el-salvador\\\/\",\"url\":\"https:\\\/\\\/80plus.es\\\/product\\\/el-salvador\\\/\",\"name\":\"EL SALVADOR - 80plus\",\"isPartOf\":{\"@id\":\"https:\\\/\\\/80plus.es\\\/#website\"},\"primaryImageOfPage\":{\"@id\":\"https:\\\/\\\/80plus.es\\\/product\\\/el-salvador\\\/#primaryimage\"},\"image\":{\"@id\":\"https:\\\/\\\/80plus.es\\\/product\\\/el-salvador\\\/#primaryimage\"},\"thumbnailUrl\":\"https:\\\/\\\/80plus.es\\\/wp-content\\\/uploads\\\/2025\\\/05\\\/el-salvador-2.jpg\",\"datePublished\":\"2025-05-08T11:41:20+00:00\",\"dateModified\":\"2025-08-26T07:07:19+00:00\",\"breadcrumb\":{\"@id\":\"https:\\\/\\\/80plus.es\\\/product\\\/el-salvador\\\/#breadcrumb\"},\"inLanguage\":\"es\",\"potentialAction\":[{\"@type\":\"ReadAction\",\"target\":[\"https:\\\/\\\/80plus.es\\\/product\\\/el-salvador\\\/\"]}]},{\"@type\":\"ImageObject\",\"inLanguage\":\"es\",\"@id\":\"https:\\\/\\\/80plus.es\\\/product\\\/el-salvador\\\/#primaryimage\",\"url\":\"https:\\\/\\\/80plus.es\\\/wp-content\\\/uploads\\\/2025\\\/05\\\/el-salvador-2.jpg\",\"contentUrl\":\"https:\\\/\\\/80plus.es\\\/wp-content\\\/uploads\\\/2025\\\/05\\\/el-salvador-2.jpg\",\"width\":1200,\"height\":1200},{\"@type\":\"BreadcrumbList\",\"@id\":\"https:\\\/\\\/80plus.es\\\/product\\\/el-salvador\\\/#breadcrumb\",\"itemListElement\":[{\"@type\":\"ListItem\",\"position\":1,\"name\":\"Home\",\"item\":\"https:\\\/\\\/80plus.es\\\/es\\\/\"},{\"@type\":\"ListItem\",\"position\":2,\"name\":\"Shop\",\"item\":\"https:\\\/\\\/80plus.es\\\/es\\\/shop\\\/\"},{\"@type\":\"ListItem\",\"position\":3,\"name\":\"EL SALVADOR\"}]},{\"@type\":\"WebSite\",\"@id\":\"https:\\\/\\\/80plus.es\\\/#website\",\"url\":\"https:\\\/\\\/80plus.es\\\/\",\"name\":\"80plus\",\"description\":\"Specialty Coffee\",\"publisher\":{\"@id\":\"https:\\\/\\\/80plus.es\\\/#organization\"},\"potentialAction\":[{\"@type\":\"SearchAction\",\"target\":{\"@type\":\"EntryPoint\",\"urlTemplate\":\"https:\\\/\\\/80plus.es\\\/?s={search_term_string}\"},\"query-input\":{\"@type\":\"PropertyValueSpecification\",\"valueRequired\":true,\"valueName\":\"search_term_string\"}}],\"inLanguage\":\"es\"},{\"@type\":\"Organization\",\"@id\":\"https:\\\/\\\/80plus.es\\\/#organization\",\"name\":\"80plus\",\"url\":\"https:\\\/\\\/80plus.es\\\/\",\"logo\":{\"@type\":\"ImageObject\",\"inLanguage\":\"es\",\"@id\":\"https:\\\/\\\/80plus.es\\\/#\\\/schema\\\/logo\\\/image\\\/\",\"url\":\"http:\\\/\\\/80plus.es\\\/wp-content\\\/uploads\\\/2020\\\/05\\\/Untitled-1-1.png\",\"contentUrl\":\"http:\\\/\\\/80plus.es\\\/wp-content\\\/uploads\\\/2020\\\/05\\\/Untitled-1-1.png\",\"width\":400,\"height\":140,\"caption\":\"80plus\"},\"image\":{\"@id\":\"https:\\\/\\\/80plus.es\\\/#\\\/schema\\\/logo\\\/image\\\/\"},\"sameAs\":[\"https:\\\/\\\/www.facebook.com\\\/80plusspecialtycoffee\",\"https:\\\/\\\/www.instagram.com\\\/80plus.coffee\\\/\",\"https:\\\/\\\/www.linkedin.com\\\/company\\\/80plus-specialty-coffee\"]}]}<\/script>\n<!-- \/ Yoast SEO plugin. -->","yoast_head_json":{"title":"EL SALVADOR - 80plus","robots":{"index":"index","follow":"follow","max-snippet":"max-snippet:-1","max-image-preview":"max-image-preview:large","max-video-preview":"max-video-preview:-1"},"canonical":"https:\/\/80plus.es\/product\/el-salvador\/","og_locale":"es_ES","og_type":"article","og_title":"EL SALVADOR - 80plus","og_description":"Terroir:\u00a0Chalatenango, Alotepac-Metapan, 1500-1600 m.s.n.m. Fincas:\u00a0Machuca, La Hondurita &amp; San Andres Beneficio:\u00a0Caf\u00e9 Norte Varietal:\u00a0Pacas Proceso:\u00a0Honey Notas:\u00a0Caramelo de frutas, fudge de chocolate, avena Caf\u00e9 Norte es un micro-beneficio dedicado al procesado de caf\u00e9s de alta gama en el norte de El Salvador. Este lote proviene de 3 fincas en Chalatenango: Fincas Machuca y La Hondurita, propiedad de los hermanos D\u00edaz, y Finca San Andr\u00e9s, propiedad de Fredy Recinos. Aunque la producci\u00f3n de caf\u00e9 en estas monta\u00f1as es relativamente nueva, el microclima y el terreno monta\u00f1oso son ideales para producir ar\u00e1bicas de calidad. Este lote de proceso honey fue secado lentamente en camas africanas durante 30-38 d\u00edas.","og_url":"https:\/\/80plus.es\/product\/el-salvador\/","og_site_name":"80plus","article_publisher":"https:\/\/www.facebook.com\/80plusspecialtycoffee","article_modified_time":"2025-08-26T07:07:19+00:00","og_image":[{"width":1200,"height":1200,"url":"https:\/\/80plus.es\/wp-content\/uploads\/2025\/05\/el-salvador-2.jpg","type":"image\/jpeg"}],"twitter_card":"summary_large_image","schema":{"@context":"https:\/\/schema.org","@graph":[{"@type":"WebPage","@id":"https:\/\/80plus.es\/product\/el-salvador\/","url":"https:\/\/80plus.es\/product\/el-salvador\/","name":"EL SALVADOR - 80plus","isPartOf":{"@id":"https:\/\/80plus.es\/#website"},"primaryImageOfPage":{"@id":"https:\/\/80plus.es\/product\/el-salvador\/#primaryimage"},"image":{"@id":"https:\/\/80plus.es\/product\/el-salvador\/#primaryimage"},"thumbnailUrl":"https:\/\/80plus.es\/wp-content\/uploads\/2025\/05\/el-salvador-2.jpg","datePublished":"2025-05-08T11:41:20+00:00","dateModified":"2025-08-26T07:07:19+00:00","breadcrumb":{"@id":"https:\/\/80plus.es\/product\/el-salvador\/#breadcrumb"},"inLanguage":"es","potentialAction":[{"@type":"ReadAction","target":["https:\/\/80plus.es\/product\/el-salvador\/"]}]},{"@type":"ImageObject","inLanguage":"es","@id":"https:\/\/80plus.es\/product\/el-salvador\/#primaryimage","url":"https:\/\/80plus.es\/wp-content\/uploads\/2025\/05\/el-salvador-2.jpg","contentUrl":"https:\/\/80plus.es\/wp-content\/uploads\/2025\/05\/el-salvador-2.jpg","width":1200,"height":1200},{"@type":"BreadcrumbList","@id":"https:\/\/80plus.es\/product\/el-salvador\/#breadcrumb","itemListElement":[{"@type":"ListItem","position":1,"name":"Home","item":"https:\/\/80plus.es\/es\/"},{"@type":"ListItem","position":2,"name":"Shop","item":"https:\/\/80plus.es\/es\/shop\/"},{"@type":"ListItem","position":3,"name":"EL SALVADOR"}]},{"@type":"WebSite","@id":"https:\/\/80plus.es\/#website","url":"https:\/\/80plus.es\/","name":"80plus","description":"Specialty Coffee","publisher":{"@id":"https:\/\/80plus.es\/#organization"},"potentialAction":[{"@type":"SearchAction","target":{"@type":"EntryPoint","urlTemplate":"https:\/\/80plus.es\/?s={search_term_string}"},"query-input":{"@type":"PropertyValueSpecification","valueRequired":true,"valueName":"search_term_string"}}],"inLanguage":"es"},{"@type":"Organization","@id":"https:\/\/80plus.es\/#organization","name":"80plus","url":"https:\/\/80plus.es\/","logo":{"@type":"ImageObject","inLanguage":"es","@id":"https:\/\/80plus.es\/#\/schema\/logo\/image\/","url":"http:\/\/80plus.es\/wp-content\/uploads\/2020\/05\/Untitled-1-1.png","contentUrl":"http:\/\/80plus.es\/wp-content\/uploads\/2020\/05\/Untitled-1-1.png","width":400,"height":140,"caption":"80plus"},"image":{"@id":"https:\/\/80plus.es\/#\/schema\/logo\/image\/"},"sameAs":["https:\/\/www.facebook.com\/80plusspecialtycoffee","https:\/\/www.instagram.com\/80plus.coffee\/","https:\/\/www.linkedin.com\/company\/80plus-specialty-coffee"]}]}},"_links":{"self":[{"href":"https:\/\/80plus.es\/es\/wp-json\/wp\/v2\/product\/9291","targetHints":{"allow":["GET"]}}],"collection":[{"href":"https:\/\/80plus.es\/es\/wp-json\/wp\/v2\/product"}],"about":[{"href":"https:\/\/80plus.es\/es\/wp-json\/wp\/v2\/types\/product"}],"wp:featuredmedia":[{"embeddable":true,"href":"https:\/\/80plus.es\/es\/wp-json\/wp\/v2\/media\/9290"}],"wp:attachment":[{"href":"https:\/\/80plus.es\/es\/wp-json\/wp\/v2\/media?parent=9291"}],"wp:term":[{"taxonomy":"product_brand","embeddable":true,"href":"https:\/\/80plus.es\/es\/wp-json\/wp\/v2\/product_brand?post=9291"},{"taxonomy":"product_cat","embeddable":true,"href":"https:\/\/80plus.es\/es\/wp-json\/wp\/v2\/product_cat?post=9291"},{"taxonomy":"product_tag","embeddable":true,"href":"https:\/\/80plus.es\/es\/wp-json\/wp\/v2\/product_tag?post=9291"},{"taxonomy":"country","embeddable":true,"href":"https:\/\/80plus.es\/es\/wp-json\/wp\/v2\/country?post=9291"}],"curies":[{"name":"wp","href":"https:\/\/api.w.org\/{rel}","templated":true}]}}