{"id":9521,"date":"2026-01-08T10:17:30","date_gmt":"2026-01-08T10:17:30","guid":{"rendered":"http:\/\/80plus.es\/?post_type=product&#038;p=9521"},"modified":"2026-02-25T09:28:43","modified_gmt":"2026-02-25T09:28:43","slug":"kenia-karindundu","status":"publish","type":"product","link":"https:\/\/80plus.es\/es\/producto\/kenia-karindundu\/","title":{"rendered":"Kenia Karindundu"},"content":{"rendered":"","protected":false},"excerpt":{"rendered":"<p>Este caf\u00e9 proviene de la estaci\u00f3n de lavado Karindundu, situada en la prestigiosa regi\u00f3n de Nyeri, en el centro de Kenia. Cultivado a 1.650 metros de altitud por peque\u00f1os productores asociados a la cooperativa Barichu, este lote representa la expresi\u00f3n cl\u00e1sica y m\u00e1s refinada del perfil keniano.<\/p>\n<p>El caf\u00e9 se procesa mediante un m\u00e9todo lavado tradicional, con fermentaci\u00f3n controlada y secado lento en camas elevadas, lo que da como resultado una taza limpia, compleja y muy estructurada. En taza destaca por su acidez brillante, su dulzor natural y una intensidad arom\u00e1tica muy marcada, con notas frutales rojas y una base elegante y equilibrada.<\/p>\n<p>Un caf\u00e9 pensado tanto para filtrados como para espresso, especialmente indicado para quienes buscan caf\u00e9s vibrantes, jugosos y con car\u00e1cter.<\/p>\n<p><strong>Origen:<\/strong> Nyeri, Kenia<br \/>\n<strong>Altitud:<\/strong> 1.650 msnm<br \/>\n<strong>Productores:<\/strong> Peque\u00f1os agricultores \u2013 Estaci\u00f3n de lavado Karindundu<br \/>\n<strong>Variedad bot\u00e1nica:<\/strong> SL28, SL34<br \/>\n<strong>Proceso:<\/strong> Lavado<br \/>\n<strong>Aroma:<\/strong> Fragancia frutal y enzim\u00e1tica, con notas de frutos rojos, miel y tomate maduro<br \/>\n<strong>Sabor:<\/strong> Perfil complejo y jugoso. Frutos rojos, miel y chocolate negro. Acidez alta y brillante<\/p>\n","protected":false},"featured_media":9583,"template":"","meta":{"_acf_changed":false},"product_brand":[],"product_cat":[51,107],"product_tag":[275],"country":[271],"class_list":{"0":"post-9521","1":"product","2":"type-product","3":"status-publish","4":"has-post-thumbnail","6":"product_cat-cafe","7":"product_cat-espresso-es","8":"product_tag-espresso-es","9":"product_shipping_class-coffee-es","10":"country-kenia","12":"first","13":"instock","14":"shipping-taxable","15":"purchasable","16":"product-type-variable","17":"has-default-attributes"},"acf":[],"yoast_head":"<!-- This site is optimized with the Yoast SEO plugin v27.4 - https:\/\/yoast.com\/product\/yoast-seo-wordpress\/ -->\n<title>Kenia Karindundu - 80plus<\/title>\n<meta name=\"robots\" content=\"index, follow, max-snippet:-1, max-image-preview:large, max-video-preview:-1\" \/>\n<link rel=\"canonical\" href=\"https:\/\/80plus.es\/product\/kenya-karindundu\/\" \/>\n<meta property=\"og:locale\" content=\"es_ES\" \/>\n<meta property=\"og:type\" content=\"article\" \/>\n<meta property=\"og:title\" content=\"Kenia Karindundu - 80plus\" \/>\n<meta property=\"og:description\" content=\"Este caf\u00e9 proviene de la estaci\u00f3n de lavado Karindundu, situada en la prestigiosa regi\u00f3n de Nyeri, en el centro de Kenia. Cultivado a 1.650 metros de altitud por peque\u00f1os productores asociados a la cooperativa Barichu, este lote representa la expresi\u00f3n cl\u00e1sica y m\u00e1s refinada del perfil keniano.  El caf\u00e9 se procesa mediante un m\u00e9todo lavado tradicional, con fermentaci\u00f3n controlada y secado lento en camas elevadas, lo que da como resultado una taza limpia, compleja y muy estructurada. En taza destaca por su acidez brillante, su dulzor natural y una intensidad arom\u00e1tica muy marcada, con notas frutales rojas y una base elegante y equilibrada.  Un caf\u00e9 pensado tanto para filtrados como para espresso, especialmente indicado para quienes buscan caf\u00e9s vibrantes, jugosos y con car\u00e1cter.  Origen: Nyeri, Kenia Altitud: 1.650 msnm Productores: Peque\u00f1os agricultores \u2013 Estaci\u00f3n de lavado Karindundu Variedad bot\u00e1nica: SL28, SL34 Proceso: Lavado Aroma: Fragancia frutal y enzim\u00e1tica, con notas de frutos rojos, miel y tomate maduro Sabor: Perfil complejo y jugoso. Frutos rojos, miel y chocolate negro. Acidez alta y brillante\" \/>\n<meta property=\"og:url\" content=\"https:\/\/80plus.es\/product\/kenya-karindundu\/\" \/>\n<meta property=\"og:site_name\" content=\"80plus\" \/>\n<meta property=\"article:publisher\" content=\"https:\/\/www.facebook.com\/80plusspecialtycoffee\" \/>\n<meta property=\"article:modified_time\" content=\"2026-02-25T09:28:43+00:00\" \/>\n<meta property=\"og:image\" content=\"https:\/\/80plus.es\/wp-content\/uploads\/2026\/01\/kenya-karindundu.jpg\" \/>\n\t<meta property=\"og:image:width\" content=\"1200\" \/>\n\t<meta property=\"og:image:height\" content=\"1200\" \/>\n\t<meta property=\"og:image:type\" content=\"image\/jpeg\" \/>\n<meta name=\"twitter:card\" content=\"summary_large_image\" \/>\n<script type=\"application\/ld+json\" class=\"yoast-schema-graph\">{\"@context\":\"https:\\\/\\\/schema.org\",\"@graph\":[{\"@type\":\"WebPage\",\"@id\":\"https:\\\/\\\/80plus.es\\\/product\\\/kenya-karindundu\\\/\",\"url\":\"https:\\\/\\\/80plus.es\\\/product\\\/kenya-karindundu\\\/\",\"name\":\"Kenia Karindundu - 80plus\",\"isPartOf\":{\"@id\":\"https:\\\/\\\/80plus.es\\\/#website\"},\"primaryImageOfPage\":{\"@id\":\"https:\\\/\\\/80plus.es\\\/product\\\/kenya-karindundu\\\/#primaryimage\"},\"image\":{\"@id\":\"https:\\\/\\\/80plus.es\\\/product\\\/kenya-karindundu\\\/#primaryimage\"},\"thumbnailUrl\":\"https:\\\/\\\/80plus.es\\\/wp-content\\\/uploads\\\/2026\\\/01\\\/kenya-karindundu.jpg\",\"datePublished\":\"2026-01-08T10:17:30+00:00\",\"dateModified\":\"2026-02-25T09:28:43+00:00\",\"breadcrumb\":{\"@id\":\"https:\\\/\\\/80plus.es\\\/product\\\/kenya-karindundu\\\/#breadcrumb\"},\"inLanguage\":\"es\",\"potentialAction\":[{\"@type\":\"ReadAction\",\"target\":[\"https:\\\/\\\/80plus.es\\\/product\\\/kenya-karindundu\\\/\"]}]},{\"@type\":\"ImageObject\",\"inLanguage\":\"es\",\"@id\":\"https:\\\/\\\/80plus.es\\\/product\\\/kenya-karindundu\\\/#primaryimage\",\"url\":\"https:\\\/\\\/80plus.es\\\/wp-content\\\/uploads\\\/2026\\\/01\\\/kenya-karindundu.jpg\",\"contentUrl\":\"https:\\\/\\\/80plus.es\\\/wp-content\\\/uploads\\\/2026\\\/01\\\/kenya-karindundu.jpg\",\"width\":1200,\"height\":1200},{\"@type\":\"BreadcrumbList\",\"@id\":\"https:\\\/\\\/80plus.es\\\/product\\\/kenya-karindundu\\\/#breadcrumb\",\"itemListElement\":[{\"@type\":\"ListItem\",\"position\":1,\"name\":\"Home\",\"item\":\"https:\\\/\\\/80plus.es\\\/es\\\/\"},{\"@type\":\"ListItem\",\"position\":2,\"name\":\"Shop\",\"item\":\"https:\\\/\\\/80plus.es\\\/es\\\/shop\\\/\"},{\"@type\":\"ListItem\",\"position\":3,\"name\":\"Kenia Karindundu\"}]},{\"@type\":\"WebSite\",\"@id\":\"https:\\\/\\\/80plus.es\\\/#website\",\"url\":\"https:\\\/\\\/80plus.es\\\/\",\"name\":\"80plus\",\"description\":\"Specialty Coffee\",\"publisher\":{\"@id\":\"https:\\\/\\\/80plus.es\\\/#organization\"},\"potentialAction\":[{\"@type\":\"SearchAction\",\"target\":{\"@type\":\"EntryPoint\",\"urlTemplate\":\"https:\\\/\\\/80plus.es\\\/?s={search_term_string}\"},\"query-input\":{\"@type\":\"PropertyValueSpecification\",\"valueRequired\":true,\"valueName\":\"search_term_string\"}}],\"inLanguage\":\"es\"},{\"@type\":\"Organization\",\"@id\":\"https:\\\/\\\/80plus.es\\\/#organization\",\"name\":\"80plus\",\"url\":\"https:\\\/\\\/80plus.es\\\/\",\"logo\":{\"@type\":\"ImageObject\",\"inLanguage\":\"es\",\"@id\":\"https:\\\/\\\/80plus.es\\\/#\\\/schema\\\/logo\\\/image\\\/\",\"url\":\"http:\\\/\\\/80plus.es\\\/wp-content\\\/uploads\\\/2020\\\/05\\\/Untitled-1-1.png\",\"contentUrl\":\"http:\\\/\\\/80plus.es\\\/wp-content\\\/uploads\\\/2020\\\/05\\\/Untitled-1-1.png\",\"width\":400,\"height\":140,\"caption\":\"80plus\"},\"image\":{\"@id\":\"https:\\\/\\\/80plus.es\\\/#\\\/schema\\\/logo\\\/image\\\/\"},\"sameAs\":[\"https:\\\/\\\/www.facebook.com\\\/80plusspecialtycoffee\",\"https:\\\/\\\/www.instagram.com\\\/80plus.coffee\\\/\",\"https:\\\/\\\/www.linkedin.com\\\/company\\\/80plus-specialty-coffee\"]}]}<\/script>\n<!-- \/ Yoast SEO plugin. -->","yoast_head_json":{"title":"Kenia Karindundu - 80plus","robots":{"index":"index","follow":"follow","max-snippet":"max-snippet:-1","max-image-preview":"max-image-preview:large","max-video-preview":"max-video-preview:-1"},"canonical":"https:\/\/80plus.es\/product\/kenya-karindundu\/","og_locale":"es_ES","og_type":"article","og_title":"Kenia Karindundu - 80plus","og_description":"Este caf\u00e9 proviene de la estaci\u00f3n de lavado Karindundu, situada en la prestigiosa regi\u00f3n de Nyeri, en el centro de Kenia. Cultivado a 1.650 metros de altitud por peque\u00f1os productores asociados a la cooperativa Barichu, este lote representa la expresi\u00f3n cl\u00e1sica y m\u00e1s refinada del perfil keniano.  El caf\u00e9 se procesa mediante un m\u00e9todo lavado tradicional, con fermentaci\u00f3n controlada y secado lento en camas elevadas, lo que da como resultado una taza limpia, compleja y muy estructurada. En taza destaca por su acidez brillante, su dulzor natural y una intensidad arom\u00e1tica muy marcada, con notas frutales rojas y una base elegante y equilibrada.  Un caf\u00e9 pensado tanto para filtrados como para espresso, especialmente indicado para quienes buscan caf\u00e9s vibrantes, jugosos y con car\u00e1cter.  Origen: Nyeri, Kenia Altitud: 1.650 msnm Productores: Peque\u00f1os agricultores \u2013 Estaci\u00f3n de lavado Karindundu Variedad bot\u00e1nica: SL28, SL34 Proceso: Lavado Aroma: Fragancia frutal y enzim\u00e1tica, con notas de frutos rojos, miel y tomate maduro Sabor: Perfil complejo y jugoso. Frutos rojos, miel y chocolate negro. Acidez alta y brillante","og_url":"https:\/\/80plus.es\/product\/kenya-karindundu\/","og_site_name":"80plus","article_publisher":"https:\/\/www.facebook.com\/80plusspecialtycoffee","article_modified_time":"2026-02-25T09:28:43+00:00","og_image":[{"width":1200,"height":1200,"url":"https:\/\/80plus.es\/wp-content\/uploads\/2026\/01\/kenya-karindundu.jpg","type":"image\/jpeg"}],"twitter_card":"summary_large_image","schema":{"@context":"https:\/\/schema.org","@graph":[{"@type":"WebPage","@id":"https:\/\/80plus.es\/product\/kenya-karindundu\/","url":"https:\/\/80plus.es\/product\/kenya-karindundu\/","name":"Kenia Karindundu - 80plus","isPartOf":{"@id":"https:\/\/80plus.es\/#website"},"primaryImageOfPage":{"@id":"https:\/\/80plus.es\/product\/kenya-karindundu\/#primaryimage"},"image":{"@id":"https:\/\/80plus.es\/product\/kenya-karindundu\/#primaryimage"},"thumbnailUrl":"https:\/\/80plus.es\/wp-content\/uploads\/2026\/01\/kenya-karindundu.jpg","datePublished":"2026-01-08T10:17:30+00:00","dateModified":"2026-02-25T09:28:43+00:00","breadcrumb":{"@id":"https:\/\/80plus.es\/product\/kenya-karindundu\/#breadcrumb"},"inLanguage":"es","potentialAction":[{"@type":"ReadAction","target":["https:\/\/80plus.es\/product\/kenya-karindundu\/"]}]},{"@type":"ImageObject","inLanguage":"es","@id":"https:\/\/80plus.es\/product\/kenya-karindundu\/#primaryimage","url":"https:\/\/80plus.es\/wp-content\/uploads\/2026\/01\/kenya-karindundu.jpg","contentUrl":"https:\/\/80plus.es\/wp-content\/uploads\/2026\/01\/kenya-karindundu.jpg","width":1200,"height":1200},{"@type":"BreadcrumbList","@id":"https:\/\/80plus.es\/product\/kenya-karindundu\/#breadcrumb","itemListElement":[{"@type":"ListItem","position":1,"name":"Home","item":"https:\/\/80plus.es\/es\/"},{"@type":"ListItem","position":2,"name":"Shop","item":"https:\/\/80plus.es\/es\/shop\/"},{"@type":"ListItem","position":3,"name":"Kenia Karindundu"}]},{"@type":"WebSite","@id":"https:\/\/80plus.es\/#website","url":"https:\/\/80plus.es\/","name":"80plus","description":"Specialty Coffee","publisher":{"@id":"https:\/\/80plus.es\/#organization"},"potentialAction":[{"@type":"SearchAction","target":{"@type":"EntryPoint","urlTemplate":"https:\/\/80plus.es\/?s={search_term_string}"},"query-input":{"@type":"PropertyValueSpecification","valueRequired":true,"valueName":"search_term_string"}}],"inLanguage":"es"},{"@type":"Organization","@id":"https:\/\/80plus.es\/#organization","name":"80plus","url":"https:\/\/80plus.es\/","logo":{"@type":"ImageObject","inLanguage":"es","@id":"https:\/\/80plus.es\/#\/schema\/logo\/image\/","url":"http:\/\/80plus.es\/wp-content\/uploads\/2020\/05\/Untitled-1-1.png","contentUrl":"http:\/\/80plus.es\/wp-content\/uploads\/2020\/05\/Untitled-1-1.png","width":400,"height":140,"caption":"80plus"},"image":{"@id":"https:\/\/80plus.es\/#\/schema\/logo\/image\/"},"sameAs":["https:\/\/www.facebook.com\/80plusspecialtycoffee","https:\/\/www.instagram.com\/80plus.coffee\/","https:\/\/www.linkedin.com\/company\/80plus-specialty-coffee"]}]}},"_links":{"self":[{"href":"https:\/\/80plus.es\/es\/wp-json\/wp\/v2\/product\/9521","targetHints":{"allow":["GET"]}}],"collection":[{"href":"https:\/\/80plus.es\/es\/wp-json\/wp\/v2\/product"}],"about":[{"href":"https:\/\/80plus.es\/es\/wp-json\/wp\/v2\/types\/product"}],"wp:featuredmedia":[{"embeddable":true,"href":"https:\/\/80plus.es\/es\/wp-json\/wp\/v2\/media\/9583"}],"wp:attachment":[{"href":"https:\/\/80plus.es\/es\/wp-json\/wp\/v2\/media?parent=9521"}],"wp:term":[{"taxonomy":"product_brand","embeddable":true,"href":"https:\/\/80plus.es\/es\/wp-json\/wp\/v2\/product_brand?post=9521"},{"taxonomy":"product_cat","embeddable":true,"href":"https:\/\/80plus.es\/es\/wp-json\/wp\/v2\/product_cat?post=9521"},{"taxonomy":"product_tag","embeddable":true,"href":"https:\/\/80plus.es\/es\/wp-json\/wp\/v2\/product_tag?post=9521"},{"taxonomy":"country","embeddable":true,"href":"https:\/\/80plus.es\/es\/wp-json\/wp\/v2\/country?post=9521"}],"curies":[{"name":"wp","href":"https:\/\/api.w.org\/{rel}","templated":true}]}}