{"id":9552,"date":"2026-02-11T14:45:00","date_gmt":"2026-02-11T14:45:00","guid":{"rendered":"http:\/\/80plus.es\/?post_type=product&#038;p=9552"},"modified":"2026-02-11T14:59:42","modified_gmt":"2026-02-11T14:59:42","slug":"nicaragua-natural-neighbors","status":"publish","type":"product","link":"https:\/\/80plus.es\/es\/producto\/nicaragua-natural-neighbors\/","title":{"rendered":"Nicaragua Natural Neighbors"},"content":{"rendered":"","protected":false},"excerpt":{"rendered":"<p>Naturally Neighbors es un caf\u00e9 de proceso natural producido por los agricultores miembros de Gold Mountain Coffee Growers en Jinotega, Nicaragua, a altitudes entre 1300 y 1600 metros. Cultivado con variedades Catuai, Caturra y Bourbon, este caf\u00e9 destaca por un perfil vibrante y afrutado con notas de cereza, mango y pi\u00f1a.<\/p>\n<p><strong>Productor:<\/strong> Miembros de Gold Mountain Coffee Growers<br \/>\n<strong>Finca:<\/strong> Varias<br \/>\n<strong>Regi\u00f3n:<\/strong> Jinotega, Nicaragua<br \/>\n<strong>Altitud:<\/strong> 1300 a 1600 metros<br \/>\n<strong>Variedad:<\/strong> Catuai, Caturra, Bourbon<br \/>\n<strong>Proceso:<\/strong> Natural<\/p>\n<p><strong>Notas de cata:<\/strong><\/p>\n<ul>\n<li>Cereza<\/li>\n<li>Mango<\/li>\n<li>Pi\u00f1a<\/li>\n<\/ul>\n","protected":false},"featured_media":8752,"template":"","meta":{"_acf_changed":false},"product_brand":[],"product_cat":[51,107,108],"product_tag":[275],"country":[80],"class_list":{"0":"post-9552","1":"product","2":"type-product","3":"status-publish","4":"has-post-thumbnail","6":"product_cat-cafe","7":"product_cat-espresso-es","8":"product_cat-filter-es","9":"product_tag-espresso-es","10":"product_shipping_class-coffee-es","11":"country-nicaragua","13":"first","14":"instock","15":"shipping-taxable","16":"purchasable","17":"product-type-variable","18":"has-default-attributes"},"acf":[],"yoast_head":"<!-- This site is optimized with the Yoast SEO plugin v27.4 - https:\/\/yoast.com\/product\/yoast-seo-wordpress\/ -->\n<title>Nicaragua Natural Neighbors - 80plus<\/title>\n<meta name=\"robots\" content=\"index, follow, max-snippet:-1, max-image-preview:large, max-video-preview:-1\" \/>\n<link rel=\"canonical\" href=\"https:\/\/80plus.es\/es\/producto\/nicaragua-natural-neighbors\/\" \/>\n<meta property=\"og:locale\" content=\"es_ES\" \/>\n<meta property=\"og:type\" content=\"article\" \/>\n<meta property=\"og:title\" content=\"Nicaragua Natural Neighbors - 80plus\" \/>\n<meta property=\"og:description\" content=\"Naturally Neighbors es un caf\u00e9 de proceso natural producido por los agricultores miembros de Gold Mountain Coffee Growers en Jinotega, Nicaragua, a altitudes entre 1300 y 1600 metros. Cultivado con variedades Catuai, Caturra y Bourbon, este caf\u00e9 destaca por un perfil vibrante y afrutado con notas de cereza, mango y pi\u00f1a.  Productor: Miembros de Gold Mountain Coffee Growers Finca: Varias Regi\u00f3n: Jinotega, Nicaragua Altitud: 1300 a 1600 metros Variedad: Catuai, Caturra, Bourbon Proceso: Natural  Notas de cata:   Cereza  Mango  Pi\u00f1a\" \/>\n<meta property=\"og:url\" content=\"https:\/\/80plus.es\/es\/producto\/nicaragua-natural-neighbors\/\" \/>\n<meta property=\"og:site_name\" content=\"80plus\" \/>\n<meta property=\"article:publisher\" content=\"https:\/\/www.facebook.com\/80plusspecialtycoffee\" \/>\n<meta property=\"article:modified_time\" content=\"2026-02-11T14:59:42+00:00\" \/>\n<meta property=\"og:image\" content=\"https:\/\/80plus.es\/wp-content\/uploads\/2024\/05\/neighbours.png\" \/>\n\t<meta property=\"og:image:width\" content=\"1200\" \/>\n\t<meta property=\"og:image:height\" content=\"1200\" \/>\n\t<meta property=\"og:image:type\" content=\"image\/png\" \/>\n<meta name=\"twitter:card\" content=\"summary_large_image\" \/>\n<script type=\"application\/ld+json\" class=\"yoast-schema-graph\">{\"@context\":\"https:\\\/\\\/schema.org\",\"@graph\":[{\"@type\":\"WebPage\",\"@id\":\"https:\\\/\\\/80plus.es\\\/es\\\/producto\\\/nicaragua-natural-neighbors\\\/\",\"url\":\"https:\\\/\\\/80plus.es\\\/es\\\/producto\\\/nicaragua-natural-neighbors\\\/\",\"name\":\"Nicaragua Natural Neighbors - 80plus\",\"isPartOf\":{\"@id\":\"https:\\\/\\\/80plus.es\\\/#website\"},\"primaryImageOfPage\":{\"@id\":\"https:\\\/\\\/80plus.es\\\/es\\\/producto\\\/nicaragua-natural-neighbors\\\/#primaryimage\"},\"image\":{\"@id\":\"https:\\\/\\\/80plus.es\\\/es\\\/producto\\\/nicaragua-natural-neighbors\\\/#primaryimage\"},\"thumbnailUrl\":\"https:\\\/\\\/80plus.es\\\/wp-content\\\/uploads\\\/2024\\\/05\\\/neighbours.png\",\"datePublished\":\"2026-02-11T14:45:00+00:00\",\"dateModified\":\"2026-02-11T14:59:42+00:00\",\"breadcrumb\":{\"@id\":\"https:\\\/\\\/80plus.es\\\/es\\\/producto\\\/nicaragua-natural-neighbors\\\/#breadcrumb\"},\"inLanguage\":\"es\",\"potentialAction\":[{\"@type\":\"ReadAction\",\"target\":[\"https:\\\/\\\/80plus.es\\\/es\\\/producto\\\/nicaragua-natural-neighbors\\\/\"]}]},{\"@type\":\"ImageObject\",\"inLanguage\":\"es\",\"@id\":\"https:\\\/\\\/80plus.es\\\/es\\\/producto\\\/nicaragua-natural-neighbors\\\/#primaryimage\",\"url\":\"https:\\\/\\\/80plus.es\\\/wp-content\\\/uploads\\\/2024\\\/05\\\/neighbours.png\",\"contentUrl\":\"https:\\\/\\\/80plus.es\\\/wp-content\\\/uploads\\\/2024\\\/05\\\/neighbours.png\",\"width\":1200,\"height\":1200},{\"@type\":\"BreadcrumbList\",\"@id\":\"https:\\\/\\\/80plus.es\\\/es\\\/producto\\\/nicaragua-natural-neighbors\\\/#breadcrumb\",\"itemListElement\":[{\"@type\":\"ListItem\",\"position\":1,\"name\":\"Home\",\"item\":\"https:\\\/\\\/80plus.es\\\/es\\\/\"},{\"@type\":\"ListItem\",\"position\":2,\"name\":\"Shop\",\"item\":\"https:\\\/\\\/80plus.es\\\/es\\\/shop\\\/\"},{\"@type\":\"ListItem\",\"position\":3,\"name\":\"Nicaragua Natural Neighbors\"}]},{\"@type\":\"WebSite\",\"@id\":\"https:\\\/\\\/80plus.es\\\/#website\",\"url\":\"https:\\\/\\\/80plus.es\\\/\",\"name\":\"80plus\",\"description\":\"Specialty Coffee\",\"publisher\":{\"@id\":\"https:\\\/\\\/80plus.es\\\/#organization\"},\"potentialAction\":[{\"@type\":\"SearchAction\",\"target\":{\"@type\":\"EntryPoint\",\"urlTemplate\":\"https:\\\/\\\/80plus.es\\\/?s={search_term_string}\"},\"query-input\":{\"@type\":\"PropertyValueSpecification\",\"valueRequired\":true,\"valueName\":\"search_term_string\"}}],\"inLanguage\":\"es\"},{\"@type\":\"Organization\",\"@id\":\"https:\\\/\\\/80plus.es\\\/#organization\",\"name\":\"80plus\",\"url\":\"https:\\\/\\\/80plus.es\\\/\",\"logo\":{\"@type\":\"ImageObject\",\"inLanguage\":\"es\",\"@id\":\"https:\\\/\\\/80plus.es\\\/#\\\/schema\\\/logo\\\/image\\\/\",\"url\":\"http:\\\/\\\/80plus.es\\\/wp-content\\\/uploads\\\/2020\\\/05\\\/Untitled-1-1.png\",\"contentUrl\":\"http:\\\/\\\/80plus.es\\\/wp-content\\\/uploads\\\/2020\\\/05\\\/Untitled-1-1.png\",\"width\":400,\"height\":140,\"caption\":\"80plus\"},\"image\":{\"@id\":\"https:\\\/\\\/80plus.es\\\/#\\\/schema\\\/logo\\\/image\\\/\"},\"sameAs\":[\"https:\\\/\\\/www.facebook.com\\\/80plusspecialtycoffee\",\"https:\\\/\\\/www.instagram.com\\\/80plus.coffee\\\/\",\"https:\\\/\\\/www.linkedin.com\\\/company\\\/80plus-specialty-coffee\"]}]}<\/script>\n<!-- \/ Yoast SEO plugin. -->","yoast_head_json":{"title":"Nicaragua Natural Neighbors - 80plus","robots":{"index":"index","follow":"follow","max-snippet":"max-snippet:-1","max-image-preview":"max-image-preview:large","max-video-preview":"max-video-preview:-1"},"canonical":"https:\/\/80plus.es\/es\/producto\/nicaragua-natural-neighbors\/","og_locale":"es_ES","og_type":"article","og_title":"Nicaragua Natural Neighbors - 80plus","og_description":"Naturally Neighbors es un caf\u00e9 de proceso natural producido por los agricultores miembros de Gold Mountain Coffee Growers en Jinotega, Nicaragua, a altitudes entre 1300 y 1600 metros. Cultivado con variedades Catuai, Caturra y Bourbon, este caf\u00e9 destaca por un perfil vibrante y afrutado con notas de cereza, mango y pi\u00f1a.  Productor: Miembros de Gold Mountain Coffee Growers Finca: Varias Regi\u00f3n: Jinotega, Nicaragua Altitud: 1300 a 1600 metros Variedad: Catuai, Caturra, Bourbon Proceso: Natural  Notas de cata:   Cereza  Mango  Pi\u00f1a","og_url":"https:\/\/80plus.es\/es\/producto\/nicaragua-natural-neighbors\/","og_site_name":"80plus","article_publisher":"https:\/\/www.facebook.com\/80plusspecialtycoffee","article_modified_time":"2026-02-11T14:59:42+00:00","og_image":[{"width":1200,"height":1200,"url":"https:\/\/80plus.es\/wp-content\/uploads\/2024\/05\/neighbours.png","type":"image\/png"}],"twitter_card":"summary_large_image","schema":{"@context":"https:\/\/schema.org","@graph":[{"@type":"WebPage","@id":"https:\/\/80plus.es\/es\/producto\/nicaragua-natural-neighbors\/","url":"https:\/\/80plus.es\/es\/producto\/nicaragua-natural-neighbors\/","name":"Nicaragua Natural Neighbors - 80plus","isPartOf":{"@id":"https:\/\/80plus.es\/#website"},"primaryImageOfPage":{"@id":"https:\/\/80plus.es\/es\/producto\/nicaragua-natural-neighbors\/#primaryimage"},"image":{"@id":"https:\/\/80plus.es\/es\/producto\/nicaragua-natural-neighbors\/#primaryimage"},"thumbnailUrl":"https:\/\/80plus.es\/wp-content\/uploads\/2024\/05\/neighbours.png","datePublished":"2026-02-11T14:45:00+00:00","dateModified":"2026-02-11T14:59:42+00:00","breadcrumb":{"@id":"https:\/\/80plus.es\/es\/producto\/nicaragua-natural-neighbors\/#breadcrumb"},"inLanguage":"es","potentialAction":[{"@type":"ReadAction","target":["https:\/\/80plus.es\/es\/producto\/nicaragua-natural-neighbors\/"]}]},{"@type":"ImageObject","inLanguage":"es","@id":"https:\/\/80plus.es\/es\/producto\/nicaragua-natural-neighbors\/#primaryimage","url":"https:\/\/80plus.es\/wp-content\/uploads\/2024\/05\/neighbours.png","contentUrl":"https:\/\/80plus.es\/wp-content\/uploads\/2024\/05\/neighbours.png","width":1200,"height":1200},{"@type":"BreadcrumbList","@id":"https:\/\/80plus.es\/es\/producto\/nicaragua-natural-neighbors\/#breadcrumb","itemListElement":[{"@type":"ListItem","position":1,"name":"Home","item":"https:\/\/80plus.es\/es\/"},{"@type":"ListItem","position":2,"name":"Shop","item":"https:\/\/80plus.es\/es\/shop\/"},{"@type":"ListItem","position":3,"name":"Nicaragua Natural Neighbors"}]},{"@type":"WebSite","@id":"https:\/\/80plus.es\/#website","url":"https:\/\/80plus.es\/","name":"80plus","description":"Specialty Coffee","publisher":{"@id":"https:\/\/80plus.es\/#organization"},"potentialAction":[{"@type":"SearchAction","target":{"@type":"EntryPoint","urlTemplate":"https:\/\/80plus.es\/?s={search_term_string}"},"query-input":{"@type":"PropertyValueSpecification","valueRequired":true,"valueName":"search_term_string"}}],"inLanguage":"es"},{"@type":"Organization","@id":"https:\/\/80plus.es\/#organization","name":"80plus","url":"https:\/\/80plus.es\/","logo":{"@type":"ImageObject","inLanguage":"es","@id":"https:\/\/80plus.es\/#\/schema\/logo\/image\/","url":"http:\/\/80plus.es\/wp-content\/uploads\/2020\/05\/Untitled-1-1.png","contentUrl":"http:\/\/80plus.es\/wp-content\/uploads\/2020\/05\/Untitled-1-1.png","width":400,"height":140,"caption":"80plus"},"image":{"@id":"https:\/\/80plus.es\/#\/schema\/logo\/image\/"},"sameAs":["https:\/\/www.facebook.com\/80plusspecialtycoffee","https:\/\/www.instagram.com\/80plus.coffee\/","https:\/\/www.linkedin.com\/company\/80plus-specialty-coffee"]}]}},"_links":{"self":[{"href":"https:\/\/80plus.es\/es\/wp-json\/wp\/v2\/product\/9552","targetHints":{"allow":["GET"]}}],"collection":[{"href":"https:\/\/80plus.es\/es\/wp-json\/wp\/v2\/product"}],"about":[{"href":"https:\/\/80plus.es\/es\/wp-json\/wp\/v2\/types\/product"}],"wp:featuredmedia":[{"embeddable":true,"href":"https:\/\/80plus.es\/es\/wp-json\/wp\/v2\/media\/8752"}],"wp:attachment":[{"href":"https:\/\/80plus.es\/es\/wp-json\/wp\/v2\/media?parent=9552"}],"wp:term":[{"taxonomy":"product_brand","embeddable":true,"href":"https:\/\/80plus.es\/es\/wp-json\/wp\/v2\/product_brand?post=9552"},{"taxonomy":"product_cat","embeddable":true,"href":"https:\/\/80plus.es\/es\/wp-json\/wp\/v2\/product_cat?post=9552"},{"taxonomy":"product_tag","embeddable":true,"href":"https:\/\/80plus.es\/es\/wp-json\/wp\/v2\/product_tag?post=9552"},{"taxonomy":"country","embeddable":true,"href":"https:\/\/80plus.es\/es\/wp-json\/wp\/v2\/country?post=9552"}],"curies":[{"name":"wp","href":"https:\/\/api.w.org\/{rel}","templated":true}]}}