{"id":975,"date":"2019-01-10T15:04:26","date_gmt":"2019-01-10T15:04:26","guid":{"rendered":"http:\/\/80plus.es\/product\/french-press\/"},"modified":"2025-10-17T13:46:35","modified_gmt":"2025-10-17T13:46:35","slug":"french-press","status":"publish","type":"product","link":"https:\/\/80plus.es\/es\/producto\/french-press\/","title":{"rendered":"Cafetera de \u00e9mbolo"},"content":{"rendered":"","protected":false},"excerpt":{"rendered":"<p>Perfecta cafetera de \u00e9mbolo para comenzar el d\u00eda con su caf\u00e9, dise\u00f1ado para soportar el calor, su \u00e9mbolo de acero inoxidable anticorrosi\u00f3n garantiza un perfecto filtrado del caf\u00e9.<\/p>\n","protected":false},"featured_media":8670,"template":"","meta":{"_acf_changed":false},"product_brand":[],"product_cat":[52,57],"product_tag":[],"country":[],"class_list":{"0":"post-975","1":"product","2":"type-product","3":"status-publish","4":"has-post-thumbnail","6":"product_cat-complementos","7":"product_cat-elaboracion","9":"first","10":"instock","11":"shipping-taxable","12":"purchasable","13":"product-type-simple"},"acf":[],"yoast_head":"<!-- This site is optimized with the Yoast SEO plugin v27.4 - https:\/\/yoast.com\/product\/yoast-seo-wordpress\/ -->\n<title>Cafetera de \u00e9mbolo - 80plus<\/title>\n<meta name=\"robots\" content=\"index, follow, max-snippet:-1, max-image-preview:large, max-video-preview:-1\" \/>\n<link rel=\"canonical\" href=\"https:\/\/80plus.es\/product\/french-press\/\" \/>\n<meta property=\"og:locale\" content=\"es_ES\" \/>\n<meta property=\"og:type\" content=\"article\" \/>\n<meta property=\"og:title\" content=\"Cafetera de \u00e9mbolo - 80plus\" \/>\n<meta property=\"og:description\" content=\"Perfecta cafetera de \u00e9mbolo para comenzar el d\u00eda con su caf\u00e9, dise\u00f1ado para soportar el calor, su \u00e9mbolo de acero inoxidable anticorrosi\u00f3n garantiza un perfecto filtrado del caf\u00e9.\" \/>\n<meta property=\"og:url\" content=\"https:\/\/80plus.es\/product\/french-press\/\" \/>\n<meta property=\"og:site_name\" content=\"80plus\" \/>\n<meta property=\"article:publisher\" content=\"https:\/\/www.facebook.com\/80plusspecialtycoffee\" \/>\n<meta property=\"article:modified_time\" content=\"2025-10-17T13:46:35+00:00\" \/>\n<meta property=\"og:image\" content=\"https:\/\/80plus.es\/wp-content\/uploads\/2019\/01\/80plus-cafetera-embolo-1.jpg\" \/>\n\t<meta property=\"og:image:width\" content=\"900\" \/>\n\t<meta property=\"og:image:height\" content=\"900\" \/>\n\t<meta property=\"og:image:type\" content=\"image\/jpeg\" \/>\n<meta name=\"twitter:card\" content=\"summary_large_image\" \/>\n<script type=\"application\/ld+json\" class=\"yoast-schema-graph\">{\"@context\":\"https:\\\/\\\/schema.org\",\"@graph\":[{\"@type\":\"WebPage\",\"@id\":\"https:\\\/\\\/80plus.es\\\/product\\\/french-press\\\/\",\"url\":\"https:\\\/\\\/80plus.es\\\/product\\\/french-press\\\/\",\"name\":\"Cafetera de \u00e9mbolo - 80plus\",\"isPartOf\":{\"@id\":\"https:\\\/\\\/80plus.es\\\/#website\"},\"primaryImageOfPage\":{\"@id\":\"https:\\\/\\\/80plus.es\\\/product\\\/french-press\\\/#primaryimage\"},\"image\":{\"@id\":\"https:\\\/\\\/80plus.es\\\/product\\\/french-press\\\/#primaryimage\"},\"thumbnailUrl\":\"https:\\\/\\\/80plus.es\\\/wp-content\\\/uploads\\\/2019\\\/01\\\/80plus-cafetera-embolo-1.jpg\",\"datePublished\":\"2019-01-10T15:04:26+00:00\",\"dateModified\":\"2025-10-17T13:46:35+00:00\",\"breadcrumb\":{\"@id\":\"https:\\\/\\\/80plus.es\\\/product\\\/french-press\\\/#breadcrumb\"},\"inLanguage\":\"es\",\"potentialAction\":[{\"@type\":\"ReadAction\",\"target\":[\"https:\\\/\\\/80plus.es\\\/product\\\/french-press\\\/\"]}]},{\"@type\":\"ImageObject\",\"inLanguage\":\"es\",\"@id\":\"https:\\\/\\\/80plus.es\\\/product\\\/french-press\\\/#primaryimage\",\"url\":\"https:\\\/\\\/80plus.es\\\/wp-content\\\/uploads\\\/2019\\\/01\\\/80plus-cafetera-embolo-1.jpg\",\"contentUrl\":\"https:\\\/\\\/80plus.es\\\/wp-content\\\/uploads\\\/2019\\\/01\\\/80plus-cafetera-embolo-1.jpg\",\"width\":900,\"height\":900},{\"@type\":\"BreadcrumbList\",\"@id\":\"https:\\\/\\\/80plus.es\\\/product\\\/french-press\\\/#breadcrumb\",\"itemListElement\":[{\"@type\":\"ListItem\",\"position\":1,\"name\":\"Home\",\"item\":\"https:\\\/\\\/80plus.es\\\/es\\\/\"},{\"@type\":\"ListItem\",\"position\":2,\"name\":\"Shop\",\"item\":\"https:\\\/\\\/80plus.es\\\/es\\\/shop\\\/\"},{\"@type\":\"ListItem\",\"position\":3,\"name\":\"Cafetera de \u00e9mbolo\"}]},{\"@type\":\"WebSite\",\"@id\":\"https:\\\/\\\/80plus.es\\\/#website\",\"url\":\"https:\\\/\\\/80plus.es\\\/\",\"name\":\"80plus\",\"description\":\"Specialty Coffee\",\"publisher\":{\"@id\":\"https:\\\/\\\/80plus.es\\\/#organization\"},\"potentialAction\":[{\"@type\":\"SearchAction\",\"target\":{\"@type\":\"EntryPoint\",\"urlTemplate\":\"https:\\\/\\\/80plus.es\\\/?s={search_term_string}\"},\"query-input\":{\"@type\":\"PropertyValueSpecification\",\"valueRequired\":true,\"valueName\":\"search_term_string\"}}],\"inLanguage\":\"es\"},{\"@type\":\"Organization\",\"@id\":\"https:\\\/\\\/80plus.es\\\/#organization\",\"name\":\"80plus\",\"url\":\"https:\\\/\\\/80plus.es\\\/\",\"logo\":{\"@type\":\"ImageObject\",\"inLanguage\":\"es\",\"@id\":\"https:\\\/\\\/80plus.es\\\/#\\\/schema\\\/logo\\\/image\\\/\",\"url\":\"http:\\\/\\\/80plus.es\\\/wp-content\\\/uploads\\\/2020\\\/05\\\/Untitled-1-1.png\",\"contentUrl\":\"http:\\\/\\\/80plus.es\\\/wp-content\\\/uploads\\\/2020\\\/05\\\/Untitled-1-1.png\",\"width\":400,\"height\":140,\"caption\":\"80plus\"},\"image\":{\"@id\":\"https:\\\/\\\/80plus.es\\\/#\\\/schema\\\/logo\\\/image\\\/\"},\"sameAs\":[\"https:\\\/\\\/www.facebook.com\\\/80plusspecialtycoffee\",\"https:\\\/\\\/www.instagram.com\\\/80plus.coffee\\\/\",\"https:\\\/\\\/www.linkedin.com\\\/company\\\/80plus-specialty-coffee\"]}]}<\/script>\n<!-- \/ Yoast SEO plugin. -->","yoast_head_json":{"title":"Cafetera de \u00e9mbolo - 80plus","robots":{"index":"index","follow":"follow","max-snippet":"max-snippet:-1","max-image-preview":"max-image-preview:large","max-video-preview":"max-video-preview:-1"},"canonical":"https:\/\/80plus.es\/product\/french-press\/","og_locale":"es_ES","og_type":"article","og_title":"Cafetera de \u00e9mbolo - 80plus","og_description":"Perfecta cafetera de \u00e9mbolo para comenzar el d\u00eda con su caf\u00e9, dise\u00f1ado para soportar el calor, su \u00e9mbolo de acero inoxidable anticorrosi\u00f3n garantiza un perfecto filtrado del caf\u00e9.","og_url":"https:\/\/80plus.es\/product\/french-press\/","og_site_name":"80plus","article_publisher":"https:\/\/www.facebook.com\/80plusspecialtycoffee","article_modified_time":"2025-10-17T13:46:35+00:00","og_image":[{"width":900,"height":900,"url":"https:\/\/80plus.es\/wp-content\/uploads\/2019\/01\/80plus-cafetera-embolo-1.jpg","type":"image\/jpeg"}],"twitter_card":"summary_large_image","schema":{"@context":"https:\/\/schema.org","@graph":[{"@type":"WebPage","@id":"https:\/\/80plus.es\/product\/french-press\/","url":"https:\/\/80plus.es\/product\/french-press\/","name":"Cafetera de \u00e9mbolo - 80plus","isPartOf":{"@id":"https:\/\/80plus.es\/#website"},"primaryImageOfPage":{"@id":"https:\/\/80plus.es\/product\/french-press\/#primaryimage"},"image":{"@id":"https:\/\/80plus.es\/product\/french-press\/#primaryimage"},"thumbnailUrl":"https:\/\/80plus.es\/wp-content\/uploads\/2019\/01\/80plus-cafetera-embolo-1.jpg","datePublished":"2019-01-10T15:04:26+00:00","dateModified":"2025-10-17T13:46:35+00:00","breadcrumb":{"@id":"https:\/\/80plus.es\/product\/french-press\/#breadcrumb"},"inLanguage":"es","potentialAction":[{"@type":"ReadAction","target":["https:\/\/80plus.es\/product\/french-press\/"]}]},{"@type":"ImageObject","inLanguage":"es","@id":"https:\/\/80plus.es\/product\/french-press\/#primaryimage","url":"https:\/\/80plus.es\/wp-content\/uploads\/2019\/01\/80plus-cafetera-embolo-1.jpg","contentUrl":"https:\/\/80plus.es\/wp-content\/uploads\/2019\/01\/80plus-cafetera-embolo-1.jpg","width":900,"height":900},{"@type":"BreadcrumbList","@id":"https:\/\/80plus.es\/product\/french-press\/#breadcrumb","itemListElement":[{"@type":"ListItem","position":1,"name":"Home","item":"https:\/\/80plus.es\/es\/"},{"@type":"ListItem","position":2,"name":"Shop","item":"https:\/\/80plus.es\/es\/shop\/"},{"@type":"ListItem","position":3,"name":"Cafetera de \u00e9mbolo"}]},{"@type":"WebSite","@id":"https:\/\/80plus.es\/#website","url":"https:\/\/80plus.es\/","name":"80plus","description":"Specialty Coffee","publisher":{"@id":"https:\/\/80plus.es\/#organization"},"potentialAction":[{"@type":"SearchAction","target":{"@type":"EntryPoint","urlTemplate":"https:\/\/80plus.es\/?s={search_term_string}"},"query-input":{"@type":"PropertyValueSpecification","valueRequired":true,"valueName":"search_term_string"}}],"inLanguage":"es"},{"@type":"Organization","@id":"https:\/\/80plus.es\/#organization","name":"80plus","url":"https:\/\/80plus.es\/","logo":{"@type":"ImageObject","inLanguage":"es","@id":"https:\/\/80plus.es\/#\/schema\/logo\/image\/","url":"http:\/\/80plus.es\/wp-content\/uploads\/2020\/05\/Untitled-1-1.png","contentUrl":"http:\/\/80plus.es\/wp-content\/uploads\/2020\/05\/Untitled-1-1.png","width":400,"height":140,"caption":"80plus"},"image":{"@id":"https:\/\/80plus.es\/#\/schema\/logo\/image\/"},"sameAs":["https:\/\/www.facebook.com\/80plusspecialtycoffee","https:\/\/www.instagram.com\/80plus.coffee\/","https:\/\/www.linkedin.com\/company\/80plus-specialty-coffee"]}]}},"_links":{"self":[{"href":"https:\/\/80plus.es\/es\/wp-json\/wp\/v2\/product\/975","targetHints":{"allow":["GET"]}}],"collection":[{"href":"https:\/\/80plus.es\/es\/wp-json\/wp\/v2\/product"}],"about":[{"href":"https:\/\/80plus.es\/es\/wp-json\/wp\/v2\/types\/product"}],"wp:featuredmedia":[{"embeddable":true,"href":"https:\/\/80plus.es\/es\/wp-json\/wp\/v2\/media\/8670"}],"wp:attachment":[{"href":"https:\/\/80plus.es\/es\/wp-json\/wp\/v2\/media?parent=975"}],"wp:term":[{"taxonomy":"product_brand","embeddable":true,"href":"https:\/\/80plus.es\/es\/wp-json\/wp\/v2\/product_brand?post=975"},{"taxonomy":"product_cat","embeddable":true,"href":"https:\/\/80plus.es\/es\/wp-json\/wp\/v2\/product_cat?post=975"},{"taxonomy":"product_tag","embeddable":true,"href":"https:\/\/80plus.es\/es\/wp-json\/wp\/v2\/product_tag?post=975"},{"taxonomy":"country","embeddable":true,"href":"https:\/\/80plus.es\/es\/wp-json\/wp\/v2\/country?post=975"}],"curies":[{"name":"wp","href":"https:\/\/api.w.org\/{rel}","templated":true}]}}