{"id":978,"date":"2019-01-10T14:55:17","date_gmt":"2019-01-10T14:55:17","guid":{"rendered":"http:\/\/80plus.es\/product\/hario-mini-slim-pro-grinder\/"},"modified":"2025-10-17T14:51:41","modified_gmt":"2025-10-17T14:51:41","slug":"hario-mini-slim-pro-grinder","status":"publish","type":"product","link":"https:\/\/80plus.es\/es\/producto\/hario-mini-slim-pro-grinder\/","title":{"rendered":"Hario Mini Mill Plus"},"content":{"rendered":"","protected":false},"excerpt":{"rendered":"<p>Muele tus granos de la manera correcta y transforma tu experiencia de caf\u00e9 con Hario Mini Mill Plus. El molinillo de mano es excepcionalmente ligero y port\u00e1til. El Mini Mill PLUS no tiene piezas de vidrio con todo el chasis hecho de pl\u00e1stico, ya que es menos probable que se da\u00f1e durante el transporte, es extremadamente f\u00e1cil de sostener y tiene un mango grande para una molienda r\u00e1pida, consistente y suave.<\/p>\n","protected":false},"featured_media":8665,"template":"","meta":{"_acf_changed":false},"product_brand":[],"product_cat":[52,57],"product_tag":[],"country":[],"class_list":{"0":"post-978","1":"product","2":"type-product","3":"status-publish","4":"has-post-thumbnail","6":"product_cat-complementos","7":"product_cat-elaboracion","9":"first","10":"instock","11":"shipping-taxable","12":"purchasable","13":"product-type-simple"},"acf":[],"yoast_head":"<!-- This site is optimized with the Yoast SEO plugin v27.4 - https:\/\/yoast.com\/product\/yoast-seo-wordpress\/ -->\n<title>Hario Mini Mill Plus - 80plus<\/title>\n<meta name=\"robots\" content=\"index, follow, max-snippet:-1, max-image-preview:large, max-video-preview:-1\" \/>\n<link rel=\"canonical\" href=\"https:\/\/80plus.es\/product\/hario-mini-slim-pro-grinder\/\" \/>\n<meta property=\"og:locale\" content=\"es_ES\" \/>\n<meta property=\"og:type\" content=\"article\" \/>\n<meta property=\"og:title\" content=\"Hario Mini Mill Plus - 80plus\" \/>\n<meta property=\"og:description\" content=\"Muele tus granos de la manera correcta y transforma tu experiencia de caf\u00e9 con Hario Mini Mill Plus. El molinillo de mano es excepcionalmente ligero y port\u00e1til. El Mini Mill PLUS no tiene piezas de vidrio con todo el chasis hecho de pl\u00e1stico, ya que es menos probable que se da\u00f1e durante el transporte, es extremadamente f\u00e1cil de sostener y tiene un mango grande para una molienda r\u00e1pida, consistente y suave.\" \/>\n<meta property=\"og:url\" content=\"https:\/\/80plus.es\/product\/hario-mini-slim-pro-grinder\/\" \/>\n<meta property=\"og:site_name\" content=\"80plus\" \/>\n<meta property=\"article:publisher\" content=\"https:\/\/www.facebook.com\/80plusspecialtycoffee\" \/>\n<meta property=\"article:modified_time\" content=\"2025-10-17T14:51:41+00:00\" \/>\n<meta property=\"og:image\" content=\"https:\/\/80plus.es\/wp-content\/uploads\/2019\/01\/80plus-molinillo-hario-mini-mill-plus.jpg\" \/>\n\t<meta property=\"og:image:width\" content=\"600\" \/>\n\t<meta property=\"og:image:height\" content=\"600\" \/>\n\t<meta property=\"og:image:type\" content=\"image\/jpeg\" \/>\n<meta name=\"twitter:card\" content=\"summary_large_image\" \/>\n<script type=\"application\/ld+json\" class=\"yoast-schema-graph\">{\"@context\":\"https:\\\/\\\/schema.org\",\"@graph\":[{\"@type\":\"WebPage\",\"@id\":\"https:\\\/\\\/80plus.es\\\/product\\\/hario-mini-slim-pro-grinder\\\/\",\"url\":\"https:\\\/\\\/80plus.es\\\/product\\\/hario-mini-slim-pro-grinder\\\/\",\"name\":\"Hario Mini Mill Plus - 80plus\",\"isPartOf\":{\"@id\":\"https:\\\/\\\/80plus.es\\\/#website\"},\"primaryImageOfPage\":{\"@id\":\"https:\\\/\\\/80plus.es\\\/product\\\/hario-mini-slim-pro-grinder\\\/#primaryimage\"},\"image\":{\"@id\":\"https:\\\/\\\/80plus.es\\\/product\\\/hario-mini-slim-pro-grinder\\\/#primaryimage\"},\"thumbnailUrl\":\"https:\\\/\\\/80plus.es\\\/wp-content\\\/uploads\\\/2019\\\/01\\\/80plus-molinillo-hario-mini-mill-plus.jpg\",\"datePublished\":\"2019-01-10T14:55:17+00:00\",\"dateModified\":\"2025-10-17T14:51:41+00:00\",\"breadcrumb\":{\"@id\":\"https:\\\/\\\/80plus.es\\\/product\\\/hario-mini-slim-pro-grinder\\\/#breadcrumb\"},\"inLanguage\":\"es\",\"potentialAction\":[{\"@type\":\"ReadAction\",\"target\":[\"https:\\\/\\\/80plus.es\\\/product\\\/hario-mini-slim-pro-grinder\\\/\"]}]},{\"@type\":\"ImageObject\",\"inLanguage\":\"es\",\"@id\":\"https:\\\/\\\/80plus.es\\\/product\\\/hario-mini-slim-pro-grinder\\\/#primaryimage\",\"url\":\"https:\\\/\\\/80plus.es\\\/wp-content\\\/uploads\\\/2019\\\/01\\\/80plus-molinillo-hario-mini-mill-plus.jpg\",\"contentUrl\":\"https:\\\/\\\/80plus.es\\\/wp-content\\\/uploads\\\/2019\\\/01\\\/80plus-molinillo-hario-mini-mill-plus.jpg\",\"width\":600,\"height\":600},{\"@type\":\"BreadcrumbList\",\"@id\":\"https:\\\/\\\/80plus.es\\\/product\\\/hario-mini-slim-pro-grinder\\\/#breadcrumb\",\"itemListElement\":[{\"@type\":\"ListItem\",\"position\":1,\"name\":\"Home\",\"item\":\"https:\\\/\\\/80plus.es\\\/es\\\/\"},{\"@type\":\"ListItem\",\"position\":2,\"name\":\"Shop\",\"item\":\"https:\\\/\\\/80plus.es\\\/es\\\/shop\\\/\"},{\"@type\":\"ListItem\",\"position\":3,\"name\":\"Hario Mini Mill Plus\"}]},{\"@type\":\"WebSite\",\"@id\":\"https:\\\/\\\/80plus.es\\\/#website\",\"url\":\"https:\\\/\\\/80plus.es\\\/\",\"name\":\"80plus\",\"description\":\"Specialty Coffee\",\"publisher\":{\"@id\":\"https:\\\/\\\/80plus.es\\\/#organization\"},\"potentialAction\":[{\"@type\":\"SearchAction\",\"target\":{\"@type\":\"EntryPoint\",\"urlTemplate\":\"https:\\\/\\\/80plus.es\\\/?s={search_term_string}\"},\"query-input\":{\"@type\":\"PropertyValueSpecification\",\"valueRequired\":true,\"valueName\":\"search_term_string\"}}],\"inLanguage\":\"es\"},{\"@type\":\"Organization\",\"@id\":\"https:\\\/\\\/80plus.es\\\/#organization\",\"name\":\"80plus\",\"url\":\"https:\\\/\\\/80plus.es\\\/\",\"logo\":{\"@type\":\"ImageObject\",\"inLanguage\":\"es\",\"@id\":\"https:\\\/\\\/80plus.es\\\/#\\\/schema\\\/logo\\\/image\\\/\",\"url\":\"http:\\\/\\\/80plus.es\\\/wp-content\\\/uploads\\\/2020\\\/05\\\/Untitled-1-1.png\",\"contentUrl\":\"http:\\\/\\\/80plus.es\\\/wp-content\\\/uploads\\\/2020\\\/05\\\/Untitled-1-1.png\",\"width\":400,\"height\":140,\"caption\":\"80plus\"},\"image\":{\"@id\":\"https:\\\/\\\/80plus.es\\\/#\\\/schema\\\/logo\\\/image\\\/\"},\"sameAs\":[\"https:\\\/\\\/www.facebook.com\\\/80plusspecialtycoffee\",\"https:\\\/\\\/www.instagram.com\\\/80plus.coffee\\\/\",\"https:\\\/\\\/www.linkedin.com\\\/company\\\/80plus-specialty-coffee\"]}]}<\/script>\n<!-- \/ Yoast SEO plugin. -->","yoast_head_json":{"title":"Hario Mini Mill Plus - 80plus","robots":{"index":"index","follow":"follow","max-snippet":"max-snippet:-1","max-image-preview":"max-image-preview:large","max-video-preview":"max-video-preview:-1"},"canonical":"https:\/\/80plus.es\/product\/hario-mini-slim-pro-grinder\/","og_locale":"es_ES","og_type":"article","og_title":"Hario Mini Mill Plus - 80plus","og_description":"Muele tus granos de la manera correcta y transforma tu experiencia de caf\u00e9 con Hario Mini Mill Plus. El molinillo de mano es excepcionalmente ligero y port\u00e1til. El Mini Mill PLUS no tiene piezas de vidrio con todo el chasis hecho de pl\u00e1stico, ya que es menos probable que se da\u00f1e durante el transporte, es extremadamente f\u00e1cil de sostener y tiene un mango grande para una molienda r\u00e1pida, consistente y suave.","og_url":"https:\/\/80plus.es\/product\/hario-mini-slim-pro-grinder\/","og_site_name":"80plus","article_publisher":"https:\/\/www.facebook.com\/80plusspecialtycoffee","article_modified_time":"2025-10-17T14:51:41+00:00","og_image":[{"width":600,"height":600,"url":"https:\/\/80plus.es\/wp-content\/uploads\/2019\/01\/80plus-molinillo-hario-mini-mill-plus.jpg","type":"image\/jpeg"}],"twitter_card":"summary_large_image","schema":{"@context":"https:\/\/schema.org","@graph":[{"@type":"WebPage","@id":"https:\/\/80plus.es\/product\/hario-mini-slim-pro-grinder\/","url":"https:\/\/80plus.es\/product\/hario-mini-slim-pro-grinder\/","name":"Hario Mini Mill Plus - 80plus","isPartOf":{"@id":"https:\/\/80plus.es\/#website"},"primaryImageOfPage":{"@id":"https:\/\/80plus.es\/product\/hario-mini-slim-pro-grinder\/#primaryimage"},"image":{"@id":"https:\/\/80plus.es\/product\/hario-mini-slim-pro-grinder\/#primaryimage"},"thumbnailUrl":"https:\/\/80plus.es\/wp-content\/uploads\/2019\/01\/80plus-molinillo-hario-mini-mill-plus.jpg","datePublished":"2019-01-10T14:55:17+00:00","dateModified":"2025-10-17T14:51:41+00:00","breadcrumb":{"@id":"https:\/\/80plus.es\/product\/hario-mini-slim-pro-grinder\/#breadcrumb"},"inLanguage":"es","potentialAction":[{"@type":"ReadAction","target":["https:\/\/80plus.es\/product\/hario-mini-slim-pro-grinder\/"]}]},{"@type":"ImageObject","inLanguage":"es","@id":"https:\/\/80plus.es\/product\/hario-mini-slim-pro-grinder\/#primaryimage","url":"https:\/\/80plus.es\/wp-content\/uploads\/2019\/01\/80plus-molinillo-hario-mini-mill-plus.jpg","contentUrl":"https:\/\/80plus.es\/wp-content\/uploads\/2019\/01\/80plus-molinillo-hario-mini-mill-plus.jpg","width":600,"height":600},{"@type":"BreadcrumbList","@id":"https:\/\/80plus.es\/product\/hario-mini-slim-pro-grinder\/#breadcrumb","itemListElement":[{"@type":"ListItem","position":1,"name":"Home","item":"https:\/\/80plus.es\/es\/"},{"@type":"ListItem","position":2,"name":"Shop","item":"https:\/\/80plus.es\/es\/shop\/"},{"@type":"ListItem","position":3,"name":"Hario Mini Mill Plus"}]},{"@type":"WebSite","@id":"https:\/\/80plus.es\/#website","url":"https:\/\/80plus.es\/","name":"80plus","description":"Specialty Coffee","publisher":{"@id":"https:\/\/80plus.es\/#organization"},"potentialAction":[{"@type":"SearchAction","target":{"@type":"EntryPoint","urlTemplate":"https:\/\/80plus.es\/?s={search_term_string}"},"query-input":{"@type":"PropertyValueSpecification","valueRequired":true,"valueName":"search_term_string"}}],"inLanguage":"es"},{"@type":"Organization","@id":"https:\/\/80plus.es\/#organization","name":"80plus","url":"https:\/\/80plus.es\/","logo":{"@type":"ImageObject","inLanguage":"es","@id":"https:\/\/80plus.es\/#\/schema\/logo\/image\/","url":"http:\/\/80plus.es\/wp-content\/uploads\/2020\/05\/Untitled-1-1.png","contentUrl":"http:\/\/80plus.es\/wp-content\/uploads\/2020\/05\/Untitled-1-1.png","width":400,"height":140,"caption":"80plus"},"image":{"@id":"https:\/\/80plus.es\/#\/schema\/logo\/image\/"},"sameAs":["https:\/\/www.facebook.com\/80plusspecialtycoffee","https:\/\/www.instagram.com\/80plus.coffee\/","https:\/\/www.linkedin.com\/company\/80plus-specialty-coffee"]}]}},"_links":{"self":[{"href":"https:\/\/80plus.es\/es\/wp-json\/wp\/v2\/product\/978","targetHints":{"allow":["GET"]}}],"collection":[{"href":"https:\/\/80plus.es\/es\/wp-json\/wp\/v2\/product"}],"about":[{"href":"https:\/\/80plus.es\/es\/wp-json\/wp\/v2\/types\/product"}],"wp:featuredmedia":[{"embeddable":true,"href":"https:\/\/80plus.es\/es\/wp-json\/wp\/v2\/media\/8665"}],"wp:attachment":[{"href":"https:\/\/80plus.es\/es\/wp-json\/wp\/v2\/media?parent=978"}],"wp:term":[{"taxonomy":"product_brand","embeddable":true,"href":"https:\/\/80plus.es\/es\/wp-json\/wp\/v2\/product_brand?post=978"},{"taxonomy":"product_cat","embeddable":true,"href":"https:\/\/80plus.es\/es\/wp-json\/wp\/v2\/product_cat?post=978"},{"taxonomy":"product_tag","embeddable":true,"href":"https:\/\/80plus.es\/es\/wp-json\/wp\/v2\/product_tag?post=978"},{"taxonomy":"country","embeddable":true,"href":"https:\/\/80plus.es\/es\/wp-json\/wp\/v2\/country?post=978"}],"curies":[{"name":"wp","href":"https:\/\/api.w.org\/{rel}","templated":true}]}}